{"id":862,"date":"2022-07-06T15:29:34","date_gmt":"2022-07-06T13:29:34","guid":{"rendered":"https:\/\/www.gothiccommunity.eu\/wordpress\/?page_id=862"},"modified":"2022-07-06T15:29:35","modified_gmt":"2022-07-06T13:29:35","slug":"unsere-banner","status":"publish","type":"page","link":"https:\/\/www.gothiccommunity.eu\/wordpress\/unsere-banner\/","title":{"rendered":"Unsere Banner"},"content":{"rendered":"\n<p>Du magst die Gothiccommunity und m\u00f6chtest unsere Seite oder Community verlinken?<\/p>\n\n\n\n<p>Hier findest du eine Auswahl an Bannern, die du auf deiner Webseite einpflegen kannst, um f\u00fcr uns zu werben.<\/p>\n\n\n\n<p>Solltest Du ein spezielles Format ben\u00f6tigen, verwende das\u00a0<a href=\"https:\/\/www.gothiccommunity.eu\/wordpress\/kontaktformular\/\">Kontaktformular<\/a>\u00a0und teile uns mit, welche Gr\u00f6\u00dfe oder welches Format du f\u00fcr Deine Seite brauchst.<\/p>\n\n\n\n<p>Folgende Adressen kannst Du zur Verlinkung verwenden:<\/p>\n\n\n\n<ul class=\"wp-block-list\"><li><strong><a href=\"https:\/\/www.gothiccommunity.eu\" target=\"_blank\" rel=\"noreferrer noopener\">https:\/\/www.gothiccommunity.eu<\/a><\/strong><\/li><li><strong><a href=\"https:\/\/www.facebook.com\/groups\/gothiccommunitygroup\" target=\"_blank\" rel=\"noreferrer noopener\">https:\/\/www.facebook.com\/groups\/gothiccommunitygroup<\/a><\/strong><\/li><li><strong><a href=\"https:\/\/www.facebook.com\/Gothiccommunitypage\" target=\"_blank\" rel=\"noreferrer noopener\">https:\/\/www.facebook.com\/Gothiccommunitypage<\/a><\/strong><\/li><\/ul>\n\n\n\n<p>Vielen Dank f\u00fcr Deine Unterst\u00fctzung!<\/p>\n\n\n\n<div class=\"wp-block-media-text is-stacked-on-mobile\"><figure class=\"wp-block-media-text__media\"><a href=\"https:\/\/www.gothiccommunity.eu\/wordpress\/wp-content\/uploads\/2022\/07\/banner468x60.jpg\"><img loading=\"lazy\" decoding=\"async\" width=\"468\" height=\"60\" src=\"https:\/\/www.gothiccommunity.eu\/wordpress\/wp-content\/uploads\/2022\/07\/banner468x60.jpg\" alt=\"\" class=\"wp-image-863 size-full\" srcset=\"https:\/\/www.gothiccommunity.eu\/wordpress\/wp-content\/uploads\/2022\/07\/banner468x60.jpg 468w, https:\/\/www.gothiccommunity.eu\/wordpress\/wp-content\/uploads\/2022\/07\/banner468x60-300x38.jpg 300w\" sizes=\"auto, (max-width: 468px) 100vw, 468px\" \/><\/a><\/figure><div class=\"wp-block-media-text__content\">\n<p class=\"has-medium-font-size\"><strong>Full Banner &#8211; 468\u00d760 px<\/strong><\/p>\n<\/div><\/div>\n\n\n\n<div class=\"wp-block-media-text is-stacked-on-mobile\"><figure class=\"wp-block-media-text__media\"><a href=\"https:\/\/www.gothiccommunity.eu\/wordpress\/wp-content\/uploads\/2022\/07\/banner728x90-1.jpg\"><img loading=\"lazy\" decoding=\"async\" width=\"728\" height=\"90\" src=\"https:\/\/www.gothiccommunity.eu\/wordpress\/wp-content\/uploads\/2022\/07\/banner728x90-1.jpg\" alt=\"\" class=\"wp-image-865 size-full\" srcset=\"https:\/\/www.gothiccommunity.eu\/wordpress\/wp-content\/uploads\/2022\/07\/banner728x90-1.jpg 728w, https:\/\/www.gothiccommunity.eu\/wordpress\/wp-content\/uploads\/2022\/07\/banner728x90-1-600x74.jpg 600w, https:\/\/www.gothiccommunity.eu\/wordpress\/wp-content\/uploads\/2022\/07\/banner728x90-1-300x37.jpg 300w\" sizes=\"auto, (max-width: 728px) 100vw, 728px\" \/><\/a><\/figure><div class=\"wp-block-media-text__content\">\n<p class=\"has-medium-font-size\"><strong>Super Banner &#8211; 728\u00d790 px<\/strong><\/p>\n<\/div><\/div>\n\n\n\n<div class=\"wp-block-media-text is-stacked-on-mobile\"><figure class=\"wp-block-media-text__media\"><a href=\"https:\/\/www.gothiccommunity.eu\/wordpress\/wp-content\/uploads\/2022\/07\/banner728x300.jpg\"><img loading=\"lazy\" decoding=\"async\" width=\"728\" height=\"300\" src=\"https:\/\/www.gothiccommunity.eu\/wordpress\/wp-content\/uploads\/2022\/07\/banner728x300.jpg\" alt=\"\" class=\"wp-image-866 size-full\" srcset=\"https:\/\/www.gothiccommunity.eu\/wordpress\/wp-content\/uploads\/2022\/07\/banner728x300.jpg 728w, https:\/\/www.gothiccommunity.eu\/wordpress\/wp-content\/uploads\/2022\/07\/banner728x300-600x247.jpg 600w, https:\/\/www.gothiccommunity.eu\/wordpress\/wp-content\/uploads\/2022\/07\/banner728x300-300x124.jpg 300w\" sizes=\"auto, (max-width: 728px) 100vw, 728px\" \/><\/a><\/figure><div class=\"wp-block-media-text__content\">\n<p class=\"has-medium-font-size\"><strong>Expandable Super Banner &#8211; 728\u00d7300 px<\/strong><\/p>\n<\/div><\/div>\n\n\n\n<div class=\"wp-block-media-text is-stacked-on-mobile\" style=\"grid-template-columns:15% auto\"><figure class=\"wp-block-media-text__media\"><a href=\"https:\/\/www.gothiccommunity.eu\/wordpress\/wp-content\/uploads\/2022\/07\/banner120x600.jpg\"><img loading=\"lazy\" decoding=\"async\" width=\"120\" height=\"600\" src=\"https:\/\/www.gothiccommunity.eu\/wordpress\/wp-content\/uploads\/2022\/07\/banner120x600.jpg\" alt=\"\" class=\"wp-image-867 size-full\" srcset=\"https:\/\/www.gothiccommunity.eu\/wordpress\/wp-content\/uploads\/2022\/07\/banner120x600.jpg 120w, https:\/\/www.gothiccommunity.eu\/wordpress\/wp-content\/uploads\/2022\/07\/banner120x600-60x300.jpg 60w\" sizes=\"auto, (max-width: 120px) 100vw, 120px\" \/><\/a><\/figure><div class=\"wp-block-media-text__content\">\n<p class=\"has-medium-font-size\"><strong>Skyscraper &#8211; 120\u00d7600 px<\/strong><\/p>\n<\/div><\/div>\n\n\n\n<div class=\"wp-block-media-text is-stacked-on-mobile\" style=\"grid-template-columns:15% auto\"><figure class=\"wp-block-media-text__media\"><a href=\"https:\/\/www.gothiccommunity.eu\/wordpress\/wp-content\/uploads\/2022\/07\/banner200x600.jpg\"><img loading=\"lazy\" decoding=\"async\" width=\"200\" height=\"600\" src=\"https:\/\/www.gothiccommunity.eu\/wordpress\/wp-content\/uploads\/2022\/07\/banner200x600.jpg\" alt=\"\" class=\"wp-image-868 size-full\" srcset=\"https:\/\/www.gothiccommunity.eu\/wordpress\/wp-content\/uploads\/2022\/07\/banner200x600.jpg 200w, https:\/\/www.gothiccommunity.eu\/wordpress\/wp-content\/uploads\/2022\/07\/banner200x600-100x300.jpg 100w\" sizes=\"auto, (max-width: 200px) 100vw, 200px\" \/><\/a><\/figure><div class=\"wp-block-media-text__content\">\n<p class=\"has-medium-font-size\"><strong>Wide Skyscraper &#8211; 200\u00d7600 px<\/strong><\/p>\n<\/div><\/div>\n","protected":false},"excerpt":{"rendered":"<p>Du magst die Gothiccommunity und m\u00f6chtest unsere Seite oder Community verlinken? Hier findest du eine Auswahl an Bannern, die du auf deiner Webseite einpflegen kannst, um f\u00fcr uns zu werben. [&hellip;]<\/p>\n","protected":false},"author":1,"featured_media":0,"parent":0,"menu_order":0,"comment_status":"closed","ping_status":"closed","template":"page-templates\/medium.php","meta":{"_price":"","_stock":"","_tribe_ticket_header":"","_tribe_default_ticket_provider":"","_tribe_ticket_capacity":"0","_ticket_start_date":"","_ticket_end_date":"","_tribe_ticket_show_description":"","_tribe_ticket_show_not_going":false,"_tribe_ticket_use_global_stock":"","_tribe_ticket_global_stock_level":"","_global_stock_mode":"","_global_stock_cap":"","_tribe_rsvp_for_event":"","_tribe_ticket_going_count":"","_tribe_ticket_not_going_count":"","_tribe_tickets_list":"[]","_tribe_ticket_has_attendee_info_fields":false,"_EventAllDay":false,"_EventTimezone":"","_EventStartDate":"","_EventEndDate":"","_EventStartDateUTC":"","_EventEndDateUTC":"","_EventShowMap":false,"_EventShowMapLink":false,"_EventURL":"","_EventCost":"","_EventCostDescription":"","_EventCurrencySymbol":"","_EventCurrencyCode":"","_EventCurrencyPosition":"","_EventDateTimeSeparator":"","_EventTimeRangeSeparator":"","_EventOrganizerID":[],"_EventVenueID":[],"_OrganizerEmail":"","_OrganizerPhone":"","_OrganizerWebsite":"","_VenueAddress":"","_VenueCity":"","_VenueCountry":"","_VenueProvince":"","_VenueState":"","_VenueZip":"","_VenuePhone":"","_VenueURL":"","_VenueStateProvince":"","_VenueLat":"","_VenueLng":"","_VenueShowMap":false,"_VenueShowMapLink":false,"footnotes":"","_tec_slr_enabled":"","_tec_slr_layout":""},"class_list":["post-862","page","type-page","status-publish","hentry"],"yoast_head":"<!-- This site is optimized with the Yoast SEO plugin v25.7 - https:\/\/yoast.com\/wordpress\/plugins\/seo\/ -->\n<title>Unsere Banner - Gothiccommunity<\/title>\n<meta name=\"robots\" content=\"index, follow, max-snippet:-1, max-image-preview:large, max-video-preview:-1\" \/>\n<link rel=\"canonical\" href=\"https:\/\/www.gothiccommunity.eu\/wordpress\/unsere-banner\/\" \/>\n<meta property=\"og:locale\" content=\"de_DE\" \/>\n<meta property=\"og:type\" content=\"article\" \/>\n<meta property=\"og:title\" content=\"Unsere Banner - Gothiccommunity\" \/>\n<meta property=\"og:description\" content=\"Du magst die Gothiccommunity und m\u00f6chtest unsere Seite oder Community verlinken? Hier findest du eine Auswahl an Bannern, die du auf deiner Webseite einpflegen kannst, um f\u00fcr uns zu werben. [&hellip;]\" \/>\n<meta property=\"og:url\" content=\"https:\/\/www.gothiccommunity.eu\/wordpress\/unsere-banner\/\" \/>\n<meta property=\"og:site_name\" content=\"Gothiccommunity\" \/>\n<meta property=\"article:modified_time\" content=\"2022-07-06T13:29:35+00:00\" \/>\n<meta property=\"og:image\" content=\"https:\/\/www.gothiccommunity.eu\/wordpress\/wp-content\/uploads\/2022\/07\/banner468x60.jpg\" \/>\n\t<meta property=\"og:image:width\" content=\"468\" \/>\n\t<meta property=\"og:image:height\" content=\"60\" \/>\n\t<meta property=\"og:image:type\" content=\"image\/jpeg\" \/>\n<meta name=\"twitter:card\" content=\"summary_large_image\" \/>\n<meta name=\"twitter:label1\" content=\"Gesch\u00e4tzte Lesezeit\" \/>\n\t<meta name=\"twitter:data1\" content=\"1\u00a0Minute\" \/>\n<script type=\"application\/ld+json\" class=\"yoast-schema-graph\">{\"@context\":\"https:\/\/schema.org\",\"@graph\":[{\"@type\":\"WebPage\",\"@id\":\"https:\/\/www.gothiccommunity.eu\/wordpress\/unsere-banner\/\",\"url\":\"https:\/\/www.gothiccommunity.eu\/wordpress\/unsere-banner\/\",\"name\":\"Unsere Banner - Gothiccommunity\",\"isPartOf\":{\"@id\":\"https:\/\/www.gothiccommunity.eu\/wordpress\/#website\"},\"primaryImageOfPage\":{\"@id\":\"https:\/\/www.gothiccommunity.eu\/wordpress\/unsere-banner\/#primaryimage\"},\"image\":{\"@id\":\"https:\/\/www.gothiccommunity.eu\/wordpress\/unsere-banner\/#primaryimage\"},\"thumbnailUrl\":\"https:\/\/www.gothiccommunity.eu\/wordpress\/wp-content\/uploads\/2022\/07\/banner468x60.jpg\",\"datePublished\":\"2022-07-06T13:29:34+00:00\",\"dateModified\":\"2022-07-06T13:29:35+00:00\",\"breadcrumb\":{\"@id\":\"https:\/\/www.gothiccommunity.eu\/wordpress\/unsere-banner\/#breadcrumb\"},\"inLanguage\":\"de\",\"potentialAction\":[{\"@type\":\"ReadAction\",\"target\":[\"https:\/\/www.gothiccommunity.eu\/wordpress\/unsere-banner\/\"]}]},{\"@type\":\"ImageObject\",\"inLanguage\":\"de\",\"@id\":\"https:\/\/www.gothiccommunity.eu\/wordpress\/unsere-banner\/#primaryimage\",\"url\":\"https:\/\/www.gothiccommunity.eu\/wordpress\/wp-content\/uploads\/2022\/07\/banner468x60.jpg\",\"contentUrl\":\"https:\/\/www.gothiccommunity.eu\/wordpress\/wp-content\/uploads\/2022\/07\/banner468x60.jpg\"},{\"@type\":\"BreadcrumbList\",\"@id\":\"https:\/\/www.gothiccommunity.eu\/wordpress\/unsere-banner\/#breadcrumb\",\"itemListElement\":[{\"@type\":\"ListItem\",\"position\":1,\"name\":\"Startseite\",\"item\":\"https:\/\/www.gothiccommunity.eu\/wordpress\/\"},{\"@type\":\"ListItem\",\"position\":2,\"name\":\"Unsere Banner\"}]},{\"@type\":\"WebSite\",\"@id\":\"https:\/\/www.gothiccommunity.eu\/wordpress\/#website\",\"url\":\"https:\/\/www.gothiccommunity.eu\/wordpress\/\",\"name\":\"Gothiccommunity\",\"description\":\"Die Community der schwarzen Szene\",\"publisher\":{\"@id\":\"https:\/\/www.gothiccommunity.eu\/wordpress\/#organization\"},\"potentialAction\":[{\"@type\":\"SearchAction\",\"target\":{\"@type\":\"EntryPoint\",\"urlTemplate\":\"https:\/\/www.gothiccommunity.eu\/wordpress\/?s={search_term_string}\"},\"query-input\":{\"@type\":\"PropertyValueSpecification\",\"valueRequired\":true,\"valueName\":\"search_term_string\"}}],\"inLanguage\":\"de\"},{\"@type\":\"Organization\",\"@id\":\"https:\/\/www.gothiccommunity.eu\/wordpress\/#organization\",\"name\":\"Gothiccommunity\",\"url\":\"https:\/\/www.gothiccommunity.eu\/wordpress\/\",\"logo\":{\"@type\":\"ImageObject\",\"inLanguage\":\"de\",\"@id\":\"https:\/\/www.gothiccommunity.eu\/wordpress\/#\/schema\/logo\/image\/\",\"url\":\"https:\/\/www.gothiccommunity.eu\/wordpress\/wp-content\/uploads\/2021\/08\/cropped-cropped-Gruppentitelbildgravur-e1628429506384-1.png\",\"contentUrl\":\"https:\/\/www.gothiccommunity.eu\/wordpress\/wp-content\/uploads\/2021\/08\/cropped-cropped-Gruppentitelbildgravur-e1628429506384-1.png\",\"width\":473,\"height\":217,\"caption\":\"Gothiccommunity\"},\"image\":{\"@id\":\"https:\/\/www.gothiccommunity.eu\/wordpress\/#\/schema\/logo\/image\/\"}}]}<\/script>\n<!-- \/ Yoast SEO plugin. -->","yoast_head_json":{"title":"Unsere Banner - Gothiccommunity","robots":{"index":"index","follow":"follow","max-snippet":"max-snippet:-1","max-image-preview":"max-image-preview:large","max-video-preview":"max-video-preview:-1"},"canonical":"https:\/\/www.gothiccommunity.eu\/wordpress\/unsere-banner\/","og_locale":"de_DE","og_type":"article","og_title":"Unsere Banner - Gothiccommunity","og_description":"Du magst die Gothiccommunity und m\u00f6chtest unsere Seite oder Community verlinken? Hier findest du eine Auswahl an Bannern, die du auf deiner Webseite einpflegen kannst, um f\u00fcr uns zu werben. [&hellip;]","og_url":"https:\/\/www.gothiccommunity.eu\/wordpress\/unsere-banner\/","og_site_name":"Gothiccommunity","article_modified_time":"2022-07-06T13:29:35+00:00","og_image":[{"width":468,"height":60,"url":"https:\/\/www.gothiccommunity.eu\/wordpress\/wp-content\/uploads\/2022\/07\/banner468x60.jpg","type":"image\/jpeg"}],"twitter_card":"summary_large_image","twitter_misc":{"Gesch\u00e4tzte Lesezeit":"1\u00a0Minute"},"schema":{"@context":"https:\/\/schema.org","@graph":[{"@type":"WebPage","@id":"https:\/\/www.gothiccommunity.eu\/wordpress\/unsere-banner\/","url":"https:\/\/www.gothiccommunity.eu\/wordpress\/unsere-banner\/","name":"Unsere Banner - Gothiccommunity","isPartOf":{"@id":"https:\/\/www.gothiccommunity.eu\/wordpress\/#website"},"primaryImageOfPage":{"@id":"https:\/\/www.gothiccommunity.eu\/wordpress\/unsere-banner\/#primaryimage"},"image":{"@id":"https:\/\/www.gothiccommunity.eu\/wordpress\/unsere-banner\/#primaryimage"},"thumbnailUrl":"https:\/\/www.gothiccommunity.eu\/wordpress\/wp-content\/uploads\/2022\/07\/banner468x60.jpg","datePublished":"2022-07-06T13:29:34+00:00","dateModified":"2022-07-06T13:29:35+00:00","breadcrumb":{"@id":"https:\/\/www.gothiccommunity.eu\/wordpress\/unsere-banner\/#breadcrumb"},"inLanguage":"de","potentialAction":[{"@type":"ReadAction","target":["https:\/\/www.gothiccommunity.eu\/wordpress\/unsere-banner\/"]}]},{"@type":"ImageObject","inLanguage":"de","@id":"https:\/\/www.gothiccommunity.eu\/wordpress\/unsere-banner\/#primaryimage","url":"https:\/\/www.gothiccommunity.eu\/wordpress\/wp-content\/uploads\/2022\/07\/banner468x60.jpg","contentUrl":"https:\/\/www.gothiccommunity.eu\/wordpress\/wp-content\/uploads\/2022\/07\/banner468x60.jpg"},{"@type":"BreadcrumbList","@id":"https:\/\/www.gothiccommunity.eu\/wordpress\/unsere-banner\/#breadcrumb","itemListElement":[{"@type":"ListItem","position":1,"name":"Startseite","item":"https:\/\/www.gothiccommunity.eu\/wordpress\/"},{"@type":"ListItem","position":2,"name":"Unsere Banner"}]},{"@type":"WebSite","@id":"https:\/\/www.gothiccommunity.eu\/wordpress\/#website","url":"https:\/\/www.gothiccommunity.eu\/wordpress\/","name":"Gothiccommunity","description":"Die Community der schwarzen Szene","publisher":{"@id":"https:\/\/www.gothiccommunity.eu\/wordpress\/#organization"},"potentialAction":[{"@type":"SearchAction","target":{"@type":"EntryPoint","urlTemplate":"https:\/\/www.gothiccommunity.eu\/wordpress\/?s={search_term_string}"},"query-input":{"@type":"PropertyValueSpecification","valueRequired":true,"valueName":"search_term_string"}}],"inLanguage":"de"},{"@type":"Organization","@id":"https:\/\/www.gothiccommunity.eu\/wordpress\/#organization","name":"Gothiccommunity","url":"https:\/\/www.gothiccommunity.eu\/wordpress\/","logo":{"@type":"ImageObject","inLanguage":"de","@id":"https:\/\/www.gothiccommunity.eu\/wordpress\/#\/schema\/logo\/image\/","url":"https:\/\/www.gothiccommunity.eu\/wordpress\/wp-content\/uploads\/2021\/08\/cropped-cropped-Gruppentitelbildgravur-e1628429506384-1.png","contentUrl":"https:\/\/www.gothiccommunity.eu\/wordpress\/wp-content\/uploads\/2021\/08\/cropped-cropped-Gruppentitelbildgravur-e1628429506384-1.png","width":473,"height":217,"caption":"Gothiccommunity"},"image":{"@id":"https:\/\/www.gothiccommunity.eu\/wordpress\/#\/schema\/logo\/image\/"}}]}},"ticketed":false,"_links":{"self":[{"href":"https:\/\/www.gothiccommunity.eu\/wordpress\/wp-json\/wp\/v2\/pages\/862","targetHints":{"allow":["GET"]}}],"collection":[{"href":"https:\/\/www.gothiccommunity.eu\/wordpress\/wp-json\/wp\/v2\/pages"}],"about":[{"href":"https:\/\/www.gothiccommunity.eu\/wordpress\/wp-json\/wp\/v2\/types\/page"}],"author":[{"embeddable":true,"href":"https:\/\/www.gothiccommunity.eu\/wordpress\/wp-json\/wp\/v2\/users\/1"}],"replies":[{"embeddable":true,"href":"https:\/\/www.gothiccommunity.eu\/wordpress\/wp-json\/wp\/v2\/comments?post=862"}],"version-history":[{"count":1,"href":"https:\/\/www.gothiccommunity.eu\/wordpress\/wp-json\/wp\/v2\/pages\/862\/revisions"}],"predecessor-version":[{"id":869,"href":"https:\/\/www.gothiccommunity.eu\/wordpress\/wp-json\/wp\/v2\/pages\/862\/revisions\/869"}],"wp:attachment":[{"href":"https:\/\/www.gothiccommunity.eu\/wordpress\/wp-json\/wp\/v2\/media?parent=862"}],"curies":[{"name":"wp","href":"https:\/\/api.w.org\/{rel}","templated":true}]}}