{"id":54,"date":"2021-08-08T16:03:43","date_gmt":"2021-08-08T14:03:43","guid":{"rendered":"https:\/\/www.gothiccommunity.eu\/wordpress\/?page_id=54"},"modified":"2025-09-28T17:14:57","modified_gmt":"2025-09-28T15:14:57","slug":"die-thementage-der-gothiccommunity","status":"publish","type":"page","link":"https:\/\/www.gothiccommunity.eu\/wordpress\/die-thementage-der-gothiccommunity\/","title":{"rendered":"Thementage"},"content":{"rendered":"\n<p>Ein zentraler Punkt in der Gothiccommunity sind unsere&nbsp;<strong>Thementage<\/strong> welche nicht nur in der Gothic-Kultur beheimatet sind.<\/p>\n\n\n\n<h5 class=\"wp-block-heading\"><strong>DAS BEDEUTET:<\/strong><\/h5>\n\n\n\n<p class=\"is-style-default\">Diese Tage wirken sehr speziell. Sind sie auch, aber genau das macht den Reiz aus.<br>Zum einen m\u00f6chten wir euch Montags die M\u00f6glichkeit geben, Sachen au\u00dferhalb der \u00fcblichen Szenethemen zu posten und Mittwochs k\u00f6nnt ihr eure -im Idealfall selbstgemachten- Speisen pr\u00e4sentieren. <\/p>\n\n\n\n<p><strong>Nat\u00fcrlich k\u00f6nnt ihr zu jeder Zeit kreative, kulturelle Beitr\u00e4ge und Neuerscheinungen einbringen&nbsp;<\/strong><img loading=\"lazy\" decoding=\"async\" width=\"16\" height=\"16\" src=\"https:\/\/static.xx.fbcdn.net\/images\/emoji.php\/v9\/tf3\/1.5\/16\/2764.png\" alt=\"\u2764\"><strong>.<\/strong><br>Nutzt hierf\u00fcr einfach die Hashtags <strong>#kreativ<\/strong> , <strong>#kultur<\/strong> und <strong>#Neuerscheinung<\/strong> .<\/p>\n\n\n\n<h5 class=\"wp-block-heading\"><strong>EINZIGE AUSNAHMEN:<\/strong><\/h5>\n\n\n\n<ul class=\"wp-block-list\">\n<li><strong>#crazymonday<\/strong><\/li>\n\n\n\n<li><strong>#kumi&nbsp;<\/strong><\/li>\n<\/ul>\n\n\n\n<p class=\"is-style-default\">Diese sind ganz speziell daf\u00fcr eingerichtet, das Ihr&nbsp;<strong>nur an diesen Tagen<\/strong>&nbsp;posten k\u00f6nnt was sonst nicht zum Kontext der&nbsp;<a href=\"https:\/\/www.facebook.com\/Gothiccommunitypage\/?__cft__[0]=AZXqumfwlFvDxHxzpgSrzEsLv1x7x7shtH-Se_k2avSd_P5nGGqpOMnp_1eNjdc-eEpmph_XbzjYPhLv-9X3n77e2guNp5Hl9o3QBsaQBWAr_Qh_zhioKu_qYcAQO9pnQ2Uf69qMspahWObwAczEb931&amp;__tn__=kK-R\">Gothiccommunity<\/a>&nbsp;passt um dem Konzept als GOTHICcommunity treu zu bleiben.<\/p>\n\n\n\n<div style=\"height:10px\" aria-hidden=\"true\" class=\"wp-block-spacer\"><\/div>\n\n\n\n<h1 class=\"wp-block-heading has-text-align-center has-extra-large-font-size\">..::[ Crazy Monday ]::..<\/h1>\n\n\n\n<figure class=\"wp-block-image aligncenter size-large is-resized\"><img loading=\"lazy\" decoding=\"async\" width=\"1024\" height=\"512\" src=\"https:\/\/www.gothiccommunity.eu\/wordpress\/wp-content\/uploads\/2025\/06\/Crazy-Coloured-Monday-Neu-1024x512.jpg\" alt=\"\" class=\"wp-image-1381\" style=\"width:512px\" srcset=\"https:\/\/www.gothiccommunity.eu\/wordpress\/wp-content\/uploads\/2025\/06\/Crazy-Coloured-Monday-Neu-1024x512.jpg 1024w, https:\/\/www.gothiccommunity.eu\/wordpress\/wp-content\/uploads\/2025\/06\/Crazy-Coloured-Monday-Neu-300x150.jpg 300w, https:\/\/www.gothiccommunity.eu\/wordpress\/wp-content\/uploads\/2025\/06\/Crazy-Coloured-Monday-Neu-768x384.jpg 768w, https:\/\/www.gothiccommunity.eu\/wordpress\/wp-content\/uploads\/2025\/06\/Crazy-Coloured-Monday-Neu-600x300.jpg 600w, https:\/\/www.gothiccommunity.eu\/wordpress\/wp-content\/uploads\/2025\/06\/Crazy-Coloured-Monday-Neu.jpg 1300w\" sizes=\"auto, (max-width: 1024px) 100vw, 1024px\" \/><\/figure>\n\n\n\n<p>der &#8222;Crazy Monday&#8220;, an dem jedes Communitymitglied jeden Montag seine absoluten, eigenironischen Hirnklatscher, Schenkelklopfer, Jugends\u00fcnden oder &#8222;Aus-versehen-K\u00e4ufe&#8220; posten kann. Egal ob Musikalisch, Modisch oder sonstigen Kram. Ob als Bild, als Geschichte, YouTube Video oder Anekdote oder gerne auch als &#8222;Song of the day&#8220;.<\/p>\n\n\n\n<hr class=\"wp-block-separator has-text-color has-alpha-channel-opacity has-background is-style-wide\" style=\"background-color:#525252;color:#525252\"\/>\n\n\n\n<div style=\"height:10px\" aria-hidden=\"true\" class=\"wp-block-spacer\"><\/div>\n\n\n\n<h1 class=\"wp-block-heading has-text-align-center\">..::[ Musikthema der Woche ]::..<\/h1>\n\n\n\n<figure class=\"wp-block-image aligncenter size-large is-resized\"><img loading=\"lazy\" decoding=\"async\" width=\"1024\" height=\"512\" src=\"https:\/\/www.gothiccommunity.eu\/wordpress\/wp-content\/uploads\/2025\/08\/Musikthementag-Platzhalter2-1024x512.jpg\" alt=\"\" class=\"wp-image-1534\" style=\"width:512px\" srcset=\"https:\/\/www.gothiccommunity.eu\/wordpress\/wp-content\/uploads\/2025\/08\/Musikthementag-Platzhalter2-1024x512.jpg 1024w, https:\/\/www.gothiccommunity.eu\/wordpress\/wp-content\/uploads\/2025\/08\/Musikthementag-Platzhalter2-300x150.jpg 300w, https:\/\/www.gothiccommunity.eu\/wordpress\/wp-content\/uploads\/2025\/08\/Musikthementag-Platzhalter2-768x384.jpg 768w, https:\/\/www.gothiccommunity.eu\/wordpress\/wp-content\/uploads\/2025\/08\/Musikthementag-Platzhalter2-600x300.jpg 600w, https:\/\/www.gothiccommunity.eu\/wordpress\/wp-content\/uploads\/2025\/08\/Musikthementag-Platzhalter2.jpg 1300w\" sizes=\"auto, (max-width: 1024px) 100vw, 1024px\" \/><\/figure>\n\n\n\n<p>Ab Donnerstag beginnt jede Woche ein neues Musikthema der Woche.<\/p>\n\n\n\n<p>Hierbei werden vom Gothiccommunity Team jeden Donnerstag Themen vorgegeben.<br>Seien es nun Themen wie Musikrichtungen, Musikst\u00fccke oder Bands in denen bestimmte Themen vorkommen oder \u00e4hnliches.<\/p>\n\n\n\n<p>Macht mit! Es bringt wirklich jede Menge Spa\u00df mit sich und nebenzu l\u00e4sst sich auch das eine oder andere Musiksch\u00e4tzchen finden.<\/p>\n\n\n\n<p><br><\/p>\n\n\n\n<div style=\"height:10px\" aria-hidden=\"true\" class=\"wp-block-spacer\"><\/div>\n\n\n\n<hr class=\"wp-block-separator has-text-color has-alpha-channel-opacity has-background is-style-wide\" style=\"background-color:#525252;color:#525252\"\/>\n\n\n\n<div style=\"height:10px\" aria-hidden=\"true\" class=\"wp-block-spacer\"><\/div>\n\n\n\n<h1 class=\"wp-block-heading has-text-align-center has-extra-large-font-size\">..::[ Kulinarischer Mittwoch ]::..<\/h1>\n\n\n\n<figure class=\"wp-block-image aligncenter size-large is-resized\"><img loading=\"lazy\" decoding=\"async\" width=\"1024\" height=\"512\" src=\"https:\/\/www.gothiccommunity.eu\/wordpress\/wp-content\/uploads\/2025\/02\/KulinarischerMittwoch-1024x512.jpg\" alt=\"\" class=\"wp-image-1333\" style=\"width:512px\" srcset=\"https:\/\/www.gothiccommunity.eu\/wordpress\/wp-content\/uploads\/2025\/02\/KulinarischerMittwoch-1024x512.jpg 1024w, https:\/\/www.gothiccommunity.eu\/wordpress\/wp-content\/uploads\/2025\/02\/KulinarischerMittwoch-300x150.jpg 300w, https:\/\/www.gothiccommunity.eu\/wordpress\/wp-content\/uploads\/2025\/02\/KulinarischerMittwoch-768x384.jpg 768w, https:\/\/www.gothiccommunity.eu\/wordpress\/wp-content\/uploads\/2025\/02\/KulinarischerMittwoch-600x300.jpg 600w, https:\/\/www.gothiccommunity.eu\/wordpress\/wp-content\/uploads\/2025\/02\/KulinarischerMittwoch.jpg 1300w\" sizes=\"auto, (max-width: 1024px) 100vw, 1024px\" \/><\/figure>\n\n\n\n<p>Mittwochs ist unser Koch- &amp; Backtag.&nbsp;Der Sogenannte &#8222;kulinarische Mittwoch&#8220; wo jedes Mitglied der Community seine liebsten Rezepte,&nbsp;Speisen und Restaurantrezensionen einbringen kann.<\/p>\n\n\n\n<div style=\"height:10px\" aria-hidden=\"true\" class=\"wp-block-spacer\"><\/div>\n\n\n\n<hr class=\"wp-block-separator has-text-color has-alpha-channel-opacity has-background is-style-wide\" style=\"background-color:#525252;color:#525252\"\/>\n","protected":false},"excerpt":{"rendered":"<p>Ein zentraler Punkt in der Gothiccommunity sind unsere&nbsp;Thementage welche nicht nur in der Gothic-Kultur beheimatet sind. DAS BEDEUTET: Diese Tage wirken sehr speziell. Sind sie auch, aber genau das macht [&hellip;]<\/p>\n","protected":false},"author":1,"featured_media":0,"parent":0,"menu_order":0,"comment_status":"closed","ping_status":"closed","template":"","meta":{"_price":"","_stock":"","_tribe_ticket_header":"","_tribe_default_ticket_provider":"","_tribe_ticket_capacity":"0","_ticket_start_date":"","_ticket_end_date":"","_tribe_ticket_show_description":"","_tribe_ticket_show_not_going":false,"_tribe_ticket_use_global_stock":"","_tribe_ticket_global_stock_level":"","_global_stock_mode":"","_global_stock_cap":"","_tribe_rsvp_for_event":"","_tribe_ticket_going_count":"","_tribe_ticket_not_going_count":"","_tribe_tickets_list":"[]","_tribe_ticket_has_attendee_info_fields":false,"_EventAllDay":false,"_EventTimezone":"","_EventStartDate":"","_EventEndDate":"","_EventStartDateUTC":"","_EventEndDateUTC":"","_EventShowMap":false,"_EventShowMapLink":false,"_EventURL":"","_EventCost":"","_EventCostDescription":"","_EventCurrencySymbol":"","_EventCurrencyCode":"","_EventCurrencyPosition":"","_EventDateTimeSeparator":"","_EventTimeRangeSeparator":"","_EventOrganizerID":[],"_EventVenueID":[],"_OrganizerEmail":"","_OrganizerPhone":"","_OrganizerWebsite":"","_VenueAddress":"","_VenueCity":"","_VenueCountry":"","_VenueProvince":"","_VenueState":"","_VenueZip":"","_VenuePhone":"","_VenueURL":"","_VenueStateProvince":"","_VenueLat":"","_VenueLng":"","_VenueShowMap":false,"_VenueShowMapLink":false,"footnotes":"","_tec_slr_enabled":"","_tec_slr_layout":""},"class_list":["post-54","page","type-page","status-publish","hentry"],"yoast_head":"<!-- This site is optimized with the Yoast SEO plugin v25.7 - https:\/\/yoast.com\/wordpress\/plugins\/seo\/ -->\n<title>Thementage - Gothiccommunity<\/title>\n<meta name=\"robots\" content=\"index, follow, max-snippet:-1, max-image-preview:large, max-video-preview:-1\" \/>\n<link rel=\"canonical\" href=\"https:\/\/www.gothiccommunity.eu\/wordpress\/die-thementage-der-gothiccommunity\/\" \/>\n<meta property=\"og:locale\" content=\"de_DE\" \/>\n<meta property=\"og:type\" content=\"article\" \/>\n<meta property=\"og:title\" content=\"Thementage - Gothiccommunity\" \/>\n<meta property=\"og:description\" content=\"Ein zentraler Punkt in der Gothiccommunity sind unsere&nbsp;Thementage welche nicht nur in der Gothic-Kultur beheimatet sind. DAS BEDEUTET: Diese Tage wirken sehr speziell. Sind sie auch, aber genau das macht [&hellip;]\" \/>\n<meta property=\"og:url\" content=\"https:\/\/www.gothiccommunity.eu\/wordpress\/die-thementage-der-gothiccommunity\/\" \/>\n<meta property=\"og:site_name\" content=\"Gothiccommunity\" \/>\n<meta property=\"article:modified_time\" content=\"2025-09-28T15:14:57+00:00\" \/>\n<meta property=\"og:image\" content=\"https:\/\/static.xx.fbcdn.net\/images\/emoji.php\/v9\/tf3\/1.5\/16\/2764.png\" \/>\n<meta name=\"twitter:card\" content=\"summary_large_image\" \/>\n<meta name=\"twitter:label1\" content=\"Gesch\u00e4tzte Lesezeit\" \/>\n\t<meta name=\"twitter:data1\" content=\"3\u00a0Minuten\" \/>\n<script type=\"application\/ld+json\" class=\"yoast-schema-graph\">{\"@context\":\"https:\/\/schema.org\",\"@graph\":[{\"@type\":\"WebPage\",\"@id\":\"https:\/\/www.gothiccommunity.eu\/wordpress\/die-thementage-der-gothiccommunity\/\",\"url\":\"https:\/\/www.gothiccommunity.eu\/wordpress\/die-thementage-der-gothiccommunity\/\",\"name\":\"Thementage - Gothiccommunity\",\"isPartOf\":{\"@id\":\"https:\/\/www.gothiccommunity.eu\/wordpress\/#website\"},\"primaryImageOfPage\":{\"@id\":\"https:\/\/www.gothiccommunity.eu\/wordpress\/die-thementage-der-gothiccommunity\/#primaryimage\"},\"image\":{\"@id\":\"https:\/\/www.gothiccommunity.eu\/wordpress\/die-thementage-der-gothiccommunity\/#primaryimage\"},\"thumbnailUrl\":\"https:\/\/static.xx.fbcdn.net\/images\/emoji.php\/v9\/tf3\/1.5\/16\/2764.png\",\"datePublished\":\"2021-08-08T14:03:43+00:00\",\"dateModified\":\"2025-09-28T15:14:57+00:00\",\"breadcrumb\":{\"@id\":\"https:\/\/www.gothiccommunity.eu\/wordpress\/die-thementage-der-gothiccommunity\/#breadcrumb\"},\"inLanguage\":\"de\",\"potentialAction\":[{\"@type\":\"ReadAction\",\"target\":[\"https:\/\/www.gothiccommunity.eu\/wordpress\/die-thementage-der-gothiccommunity\/\"]}]},{\"@type\":\"ImageObject\",\"inLanguage\":\"de\",\"@id\":\"https:\/\/www.gothiccommunity.eu\/wordpress\/die-thementage-der-gothiccommunity\/#primaryimage\",\"url\":\"https:\/\/static.xx.fbcdn.net\/images\/emoji.php\/v9\/tf3\/1.5\/16\/2764.png\",\"contentUrl\":\"https:\/\/static.xx.fbcdn.net\/images\/emoji.php\/v9\/tf3\/1.5\/16\/2764.png\"},{\"@type\":\"BreadcrumbList\",\"@id\":\"https:\/\/www.gothiccommunity.eu\/wordpress\/die-thementage-der-gothiccommunity\/#breadcrumb\",\"itemListElement\":[{\"@type\":\"ListItem\",\"position\":1,\"name\":\"Startseite\",\"item\":\"https:\/\/www.gothiccommunity.eu\/wordpress\/\"},{\"@type\":\"ListItem\",\"position\":2,\"name\":\"Thementage\"}]},{\"@type\":\"WebSite\",\"@id\":\"https:\/\/www.gothiccommunity.eu\/wordpress\/#website\",\"url\":\"https:\/\/www.gothiccommunity.eu\/wordpress\/\",\"name\":\"Gothiccommunity\",\"description\":\"Die Community der schwarzen Szene\",\"publisher\":{\"@id\":\"https:\/\/www.gothiccommunity.eu\/wordpress\/#organization\"},\"potentialAction\":[{\"@type\":\"SearchAction\",\"target\":{\"@type\":\"EntryPoint\",\"urlTemplate\":\"https:\/\/www.gothiccommunity.eu\/wordpress\/?s={search_term_string}\"},\"query-input\":{\"@type\":\"PropertyValueSpecification\",\"valueRequired\":true,\"valueName\":\"search_term_string\"}}],\"inLanguage\":\"de\"},{\"@type\":\"Organization\",\"@id\":\"https:\/\/www.gothiccommunity.eu\/wordpress\/#organization\",\"name\":\"Gothiccommunity\",\"url\":\"https:\/\/www.gothiccommunity.eu\/wordpress\/\",\"logo\":{\"@type\":\"ImageObject\",\"inLanguage\":\"de\",\"@id\":\"https:\/\/www.gothiccommunity.eu\/wordpress\/#\/schema\/logo\/image\/\",\"url\":\"https:\/\/www.gothiccommunity.eu\/wordpress\/wp-content\/uploads\/2021\/08\/cropped-cropped-Gruppentitelbildgravur-e1628429506384-1.png\",\"contentUrl\":\"https:\/\/www.gothiccommunity.eu\/wordpress\/wp-content\/uploads\/2021\/08\/cropped-cropped-Gruppentitelbildgravur-e1628429506384-1.png\",\"width\":473,\"height\":217,\"caption\":\"Gothiccommunity\"},\"image\":{\"@id\":\"https:\/\/www.gothiccommunity.eu\/wordpress\/#\/schema\/logo\/image\/\"}}]}<\/script>\n<!-- \/ Yoast SEO plugin. -->","yoast_head_json":{"title":"Thementage - Gothiccommunity","robots":{"index":"index","follow":"follow","max-snippet":"max-snippet:-1","max-image-preview":"max-image-preview:large","max-video-preview":"max-video-preview:-1"},"canonical":"https:\/\/www.gothiccommunity.eu\/wordpress\/die-thementage-der-gothiccommunity\/","og_locale":"de_DE","og_type":"article","og_title":"Thementage - Gothiccommunity","og_description":"Ein zentraler Punkt in der Gothiccommunity sind unsere&nbsp;Thementage welche nicht nur in der Gothic-Kultur beheimatet sind. DAS BEDEUTET: Diese Tage wirken sehr speziell. Sind sie auch, aber genau das macht [&hellip;]","og_url":"https:\/\/www.gothiccommunity.eu\/wordpress\/die-thementage-der-gothiccommunity\/","og_site_name":"Gothiccommunity","article_modified_time":"2025-09-28T15:14:57+00:00","og_image":[{"url":"https:\/\/static.xx.fbcdn.net\/images\/emoji.php\/v9\/tf3\/1.5\/16\/2764.png","type":"","width":"","height":""}],"twitter_card":"summary_large_image","twitter_misc":{"Gesch\u00e4tzte Lesezeit":"3\u00a0Minuten"},"schema":{"@context":"https:\/\/schema.org","@graph":[{"@type":"WebPage","@id":"https:\/\/www.gothiccommunity.eu\/wordpress\/die-thementage-der-gothiccommunity\/","url":"https:\/\/www.gothiccommunity.eu\/wordpress\/die-thementage-der-gothiccommunity\/","name":"Thementage - Gothiccommunity","isPartOf":{"@id":"https:\/\/www.gothiccommunity.eu\/wordpress\/#website"},"primaryImageOfPage":{"@id":"https:\/\/www.gothiccommunity.eu\/wordpress\/die-thementage-der-gothiccommunity\/#primaryimage"},"image":{"@id":"https:\/\/www.gothiccommunity.eu\/wordpress\/die-thementage-der-gothiccommunity\/#primaryimage"},"thumbnailUrl":"https:\/\/static.xx.fbcdn.net\/images\/emoji.php\/v9\/tf3\/1.5\/16\/2764.png","datePublished":"2021-08-08T14:03:43+00:00","dateModified":"2025-09-28T15:14:57+00:00","breadcrumb":{"@id":"https:\/\/www.gothiccommunity.eu\/wordpress\/die-thementage-der-gothiccommunity\/#breadcrumb"},"inLanguage":"de","potentialAction":[{"@type":"ReadAction","target":["https:\/\/www.gothiccommunity.eu\/wordpress\/die-thementage-der-gothiccommunity\/"]}]},{"@type":"ImageObject","inLanguage":"de","@id":"https:\/\/www.gothiccommunity.eu\/wordpress\/die-thementage-der-gothiccommunity\/#primaryimage","url":"https:\/\/static.xx.fbcdn.net\/images\/emoji.php\/v9\/tf3\/1.5\/16\/2764.png","contentUrl":"https:\/\/static.xx.fbcdn.net\/images\/emoji.php\/v9\/tf3\/1.5\/16\/2764.png"},{"@type":"BreadcrumbList","@id":"https:\/\/www.gothiccommunity.eu\/wordpress\/die-thementage-der-gothiccommunity\/#breadcrumb","itemListElement":[{"@type":"ListItem","position":1,"name":"Startseite","item":"https:\/\/www.gothiccommunity.eu\/wordpress\/"},{"@type":"ListItem","position":2,"name":"Thementage"}]},{"@type":"WebSite","@id":"https:\/\/www.gothiccommunity.eu\/wordpress\/#website","url":"https:\/\/www.gothiccommunity.eu\/wordpress\/","name":"Gothiccommunity","description":"Die Community der schwarzen Szene","publisher":{"@id":"https:\/\/www.gothiccommunity.eu\/wordpress\/#organization"},"potentialAction":[{"@type":"SearchAction","target":{"@type":"EntryPoint","urlTemplate":"https:\/\/www.gothiccommunity.eu\/wordpress\/?s={search_term_string}"},"query-input":{"@type":"PropertyValueSpecification","valueRequired":true,"valueName":"search_term_string"}}],"inLanguage":"de"},{"@type":"Organization","@id":"https:\/\/www.gothiccommunity.eu\/wordpress\/#organization","name":"Gothiccommunity","url":"https:\/\/www.gothiccommunity.eu\/wordpress\/","logo":{"@type":"ImageObject","inLanguage":"de","@id":"https:\/\/www.gothiccommunity.eu\/wordpress\/#\/schema\/logo\/image\/","url":"https:\/\/www.gothiccommunity.eu\/wordpress\/wp-content\/uploads\/2021\/08\/cropped-cropped-Gruppentitelbildgravur-e1628429506384-1.png","contentUrl":"https:\/\/www.gothiccommunity.eu\/wordpress\/wp-content\/uploads\/2021\/08\/cropped-cropped-Gruppentitelbildgravur-e1628429506384-1.png","width":473,"height":217,"caption":"Gothiccommunity"},"image":{"@id":"https:\/\/www.gothiccommunity.eu\/wordpress\/#\/schema\/logo\/image\/"}}]}},"ticketed":false,"_links":{"self":[{"href":"https:\/\/www.gothiccommunity.eu\/wordpress\/wp-json\/wp\/v2\/pages\/54","targetHints":{"allow":["GET"]}}],"collection":[{"href":"https:\/\/www.gothiccommunity.eu\/wordpress\/wp-json\/wp\/v2\/pages"}],"about":[{"href":"https:\/\/www.gothiccommunity.eu\/wordpress\/wp-json\/wp\/v2\/types\/page"}],"author":[{"embeddable":true,"href":"https:\/\/www.gothiccommunity.eu\/wordpress\/wp-json\/wp\/v2\/users\/1"}],"replies":[{"embeddable":true,"href":"https:\/\/www.gothiccommunity.eu\/wordpress\/wp-json\/wp\/v2\/comments?post=54"}],"version-history":[{"count":34,"href":"https:\/\/www.gothiccommunity.eu\/wordpress\/wp-json\/wp\/v2\/pages\/54\/revisions"}],"predecessor-version":[{"id":1703,"href":"https:\/\/www.gothiccommunity.eu\/wordpress\/wp-json\/wp\/v2\/pages\/54\/revisions\/1703"}],"wp:attachment":[{"href":"https:\/\/www.gothiccommunity.eu\/wordpress\/wp-json\/wp\/v2\/media?parent=54"}],"curies":[{"name":"wp","href":"https:\/\/api.w.org\/{rel}","templated":true}]}}