{"id":49,"date":"2021-08-08T15:59:10","date_gmt":"2021-08-08T13:59:10","guid":{"rendered":"https:\/\/www.gothiccommunity.eu\/wordpress\/?page_id=49"},"modified":"2024-06-09T18:35:51","modified_gmt":"2024-06-09T16:35:51","slug":"wie-kam-es-zur-gothiccommunity","status":"publish","type":"page","link":"https:\/\/www.gothiccommunity.eu\/wordpress\/wie-kam-es-zur-gothiccommunity\/","title":{"rendered":"Die Geschichte"},"content":{"rendered":"\n<p>Es war einmal&#8230;so beginnen zwar alle M\u00e4rchen aber hier handelt es sich um kein M\u00e4rchen sondern um die Realit\u00e4t beziehungsweise um die virtuelle.<\/p>\n\n\n\n<div style=\"height:10px\" aria-hidden=\"true\" class=\"wp-block-spacer\"><\/div>\n\n\n\n<p>Es war im Jahre 1996. Damals, als das Internet noch ziemlich jung war, genauso wie das IRC-Chatnetzwerk wo eigentlich alles anfing.Als junger Chatter, der ich ja damals noch war, war ich stehts im IRC-Netzwerk Undernet unterwegs wo ich in einigen Channels anwesend war und mich durch all die vielen Zeilen durchk\u00e4mpfte und mir auch so manche Nacht um die Ohren schlug.<\/p>\n\n\n\n<div style=\"height:10px\" aria-hidden=\"true\" class=\"wp-block-spacer\"><\/div>\n\n\n\n<p>Irgendwann kannte ich mich mit dem IRC, dessen Technik und Vorhergehensweise besser aus und beschloss mit den anderen Chattern einen eigenen Channel zu gr\u00fcnden. Den #German_Gothic. Dieser war zwar nie gut besucht aber wir waren eine eingeschworene kleine Gemeinde die sich jeden Abend zum Austauschen traf. Die Anfrage nach einer minimalen Homepage f\u00fcr diesen kleinen Channel wuchs immer mehr an bis ich mich schlie\u00dflich erbarmte und begann, eine Website daf\u00fcr zu basteln. Diese war anfangs dazu gut, die aktuellen Chatteilnehmer etwas genauer vorzustellen und die Regeln des Channels n\u00e4her zu erl\u00e4utern.<\/p>\n\n\n\n<div style=\"height:10px\" aria-hidden=\"true\" class=\"wp-block-spacer\"><\/div>\n\n\n\n<p>Zu Beginn reichte das auch, doch in mir wuchs immer mehr die Lust danach, diese Website zu erweitern und f\u00fcgte neue Abschnitte hinzu wie zum Beispiel die Erkl\u00e4rung, was \u00fcberhaupt das IRC-Netzwerk ist, wie dort alles abl\u00e4uft und die Erl\u00e4uterung s\u00e4mtlicher Befehle und Smilies die damals aktuell waren.Dazu gesellte sich bald ein neuer Abschnitt namens \u201eGothic\u201c wo erkl\u00e4rt wurde was \u201eGothic\u201c ist usw. zumindest was man damals als junger Mensch darunter verstand. Jeder hat dabei nat\u00fcrlich seine eigene Definition. Dieses Grundger\u00fcst der Website bliebt daraufhin etwa ein knappes halbes Jahr so stehen bis ich bemerkt hatte, das zwar die Seite gut besucht wurde, der Channel aber selber nicht, um den es sich ja eigentlich drehte.Daraufhin installierte ich ein Java-Applet welches es erm\u00f6glichte auch \u00fcber die Internetseite sich mit dem Channel zu verbinden.<\/p>\n\n\n\n<div style=\"height:10px\" aria-hidden=\"true\" class=\"wp-block-spacer\"><\/div>\n\n\n\n<p>Kurze Zeit sp\u00e4ter machte mir ein Chattermitglied einen Vorschlag und zwar solle ich doch ein G\u00e4stebuch einbinden. Nun gab es damals noch nicht so viel G\u00e4steb\u00fccher zum selber installieren und die meisten Webhoster hatten dies auch noch gar nicht erlaubt. So musste ich mir einen G\u00e4stebuchanbieter aussuchen und weil ich schon mal dabei war suchte ich mir auch gleich einen Forenanbieter. Beides fand einen sehr guten Anklang doch so nach und nach begann der Channel auseinander zu gehen. Es kamen nicht mehr so viele Chatter und \u00f6fters kam auch die Bemerkung, dass keine Lust mehr daran vorhanden sei. Manche fanden es schade aber andere waren der Meinung, dass etwas neues her soll. So nach und nach kamen immer weniger Abends in den Chatraum bis ich dann sagte, da\u00df der Channel nun aufgel\u00f6st wird. Das war die Geschichte dieses Channels #German_Gothic. So stand ich nun aber da mit dieser Website und wollte sie nicht wegwerfen. Eines Tages machte mich ein ehemaliger Mitchatter auf ein Portalsystem namens PHP-Nuke aufmerksam.Anfangs war ich gar nicht so davon begeistert. Vielleicht lag es an meiner Unwissenheit \u00fcber diese ganze neue Materie oder war es eher die Unlust f\u00fcr so eine kleine Website ein komplettes Portalsystem aufzubauen. Wir kamen zu dem Entschluss, den Websitenamen #German_Gothic zu verwerfen und dachten uns einen neuen Namen aus. Es sollte irgendetwas mit \u201eGothic\u201c zu tun haben weil wir das alte Thema beibehalten wollten. Damit war schon mal der erste Schritt getan. Aber nur \u201eGothic\u201c w\u00e4re zu langweilig gewesen und h\u00e4tte auch nicht unbedingt jeden angelockt denn unter \u201eGothic\u201c (miss)versteht man ja heutzutage viel. Dieses Portalsystem, das er damals ausgesucht hatte, konnte man auch als reines Communitysystem verwenden. Also was liegt nun n\u00e4her als irgendwie noch das Wort Community aufzugreifen. Somit kamen wir zu dem Entschluss die Domain http:\/\/www.Gothiccommunity.de registrieren zu lassen und haben damit angefangen das System auf den Server beziehungsweise damals noch Webspace hochzuladen. Nun war es aber so, dass nicht jeder Webspaceanbieter die Programmiersprache PHP auf den Servern installiert hatte oder besser gesagt, schon teilweise installiert hatte, man aber den Server erst darauf hinweisen musste das es sich hierbei um PHP Dateien handelte.<\/p>\n\n\n\n<div style=\"height:10px\" aria-hidden=\"true\" class=\"wp-block-spacer\"><\/div>\n\n\n\n<p>Dies zu bewerkstelligen machte uns mit der Zeit m\u00fcde denn wir konnten absolut keinen Erfolg erzielen. Somit lag dieses Projekt erstmal ein viertel Jahr auf Eis. Doch irgendwann im Januar des Jahres 2001 wollte ich es noch einmal probieren und nach und nach kam ich auf die Spur wie ich es anstelle, das das System l\u00e4uft. Irgendwann war es dann soweit und es lief! Endlich! Soweit so gut! Das Ding lief doch&#8230; wie nun den Inhalt gestalten und vor allen Dingen das Design? OK! es war \u201eGothic\u201c von daher sollte es auch irgendwie dunkel sein oder sich irgendwie abheben aber wie? Es gibt ja verschiedene Arten eine \u201eGothic\u201c Seite zu gestalten aber dunkel ist nicht gleich dunkel. So verbrachte ich einige Tage erstmal damit mich in das System einzuarbeiten und war die ganze Zeit am \u00dcberlegen ob ich nun die alten Userdaten aus dem IRC-Channel #German_Gothic \u00fcbernehmen soll oder nicht. Letztendlich verwarf ich diese Idee und beschloss, komplett neu anzufangen. Das Einzige was ich damals \u00fcbernahm waren die Infos \u00fcber die \u201eGothic\u201c Szene und \u00fcber das IRC-Netzwerk. Nachdem dies geschehen war machte ich mich an das Design f\u00fcr das ich auch einige Tage und N\u00e4chte brauchte bis es fertig war.<\/p>\n\n\n\n<div style=\"height:10px\" aria-hidden=\"true\" class=\"wp-block-spacer\"><\/div>\n\n\n\n<p>Gut\u2026 Die Seite stand nun! Nun brauchen nur noch die Besucher kommen und sich registrieren lassen, doch dies stellte sich schwieriger heraus als es sich anh\u00f6rt. Schlie\u00dflich kann man ja auch keinen Freizeitpark mit einem Karussell er\u00f6ffnen und sich den gro\u00dfen Reibach erhoffen. Fazit: ich musste mir immer wieder etwas Neues einfallen lassen um die Seite attraktiver zu machen und auch immer aktuell zu halten. Aber selbst das brachte nicht wirklich viel und irgendwann stellte ich fest, dass ich fast der Alleinunterhalter war. Ich gab nicht auf und \u00e4nderte st\u00e4ndig etwas am Design, an den angebotenen Features was mir letztendlich auch die Erkenntnis brachte, das es gar nicht so einfach ist eine Community, und sei sie noch so klein oder gro\u00df, am Leben oder am Laufen zu halten. Im August 2002 ereilte mich dann ein Schicksalsschlag. Als ich von der regul\u00e4ren Arbeit nach Hause kam, wie gewohnt mich an meinen PC setzte und auf die Seite schauen wollte sah ich nur eine Fehlermeldung: Connection to database failed! &#8222;OK!&#8220; dachte ich und schaute zuerst mal in der Konfigurationsdatei des Systems nach ob sich dort vielleicht etwas ver\u00e4ndert hatte aber dort fand ich keinen Fehler vor und somit war ich dann doch etwas beunruhigt. Ich loggte mich auf den Webspace der Community ein, dort in die Datenbank und musste feststellen, dass alle Datenbanktabellen restlos gel\u00f6scht waren. Der Schock war nat\u00fcrlich gro\u00df, ich stinksauer und auch irgendwie entmutigt; waren es doch gute 2 Jahre wo ich das Ding administrierte. Zuerst versuchte ich mich mit meinem Anbieter in Verbindung zu setzten um ein aktuelles BackUp der Datenbank zu bekommen aber das war, laut des Anbieters leider nicht m\u00f6glich. Ich wei\u00df bis heute nicht weshalb, denn selbst damals gab es schon das Wort &#8222;BackUp&#8220; und ich hatte mich da auch voll und ganz auf meinen Anbieter verlassen weil er mir BackUps vertraglich zugewiesen hatte. Nun stand ich da&#8230; vor den Ruinen der Community und wusste nicht, ob ich alles wegschmei\u00dfen oder nochmal von vorne anfangen solle.<\/p>\n\n\n\n<div style=\"height:10px\" aria-hidden=\"true\" class=\"wp-block-spacer\"><\/div>\n\n\n\n<p>Es verstrichen einige Wochen bis ich wieder Lust bekam ein neues Projekt auf die Beine zu stellen. So installierte ich auf dem Webspace ein neues PHP-Nuke Portal oder besser gesagt ein vorkonfiguriertes PHP-Nuke Paket welches angeblich sicherer und schneller sein solle, was sich auch best\u00e4tigte. Die Installation lief, im Gegensatz zu der Ersten vor Jahren, reibungslos weil PHP mittlerweile auf jedem Server der Standard war und mySQL Datenbanken, die man dazu ben\u00f6tigt, auch immer aktueller wurden. Lange Zeit machte ich mir Gedanken dar\u00fcber wie ich nun alles Gestalten soll denn&#8230; letztendlich war es ja ein neues Projekt und da will man ja dann auch was neues anbieten. Vor allem was Navigation, Design und Inhalt angeht. Dies war, im Vergleich zur vorherigen Installation, kein Problem und innerhalb weniger Tage stand alles. Am 20. September 2002 ging die Seite wieder offiziell online und dann geschah f\u00fcr mich das Unfassbare! Am ersten Tag registrierten sich 4 Mitglieder. Am n\u00e4chsten Tag 6 und an den darauffolgenden 5 Tagen waren es bereits 30 Mitglieder die aktiv mit dabei waren und die Seite zum Leben erweckten. Da bekam ich so meine Zweifel was ich bei der ersten Community falsch gemacht hatte, betrachtete diese neue Community und befand alles f\u00fcr gut.<\/p>\n\n\n\n<div style=\"height:10px\" aria-hidden=\"true\" class=\"wp-block-spacer\"><\/div>\n\n\n\n<p>Diese Community wuchs und die Mitgliederanzahl stieg bis zum September 2005 auf 2515. Letztendlich ging es dann, wie man so sch\u00f6n sagt, den Bach runter. Der Server konnte durch meine Unwissenheit, was die ganze Materie der Administration anbelangte, nicht richtig gewartet werden, es gab Streitigkeiten unterhalb der Mitglieder, die Datenbank funktionierte nicht mehr wie sie sollte und es fehlte mir auch zuletzt schlichtweg die Zeit und auch das Geld diesen Server zu halten. So verlief sich leider diese Community im August 2011 im Sand mit \u00fcber 5000 Mitgliedern.<\/p>\n\n\n\n<div style=\"height:10px\" aria-hidden=\"true\" class=\"wp-block-spacer\"><\/div>\n\n\n\n<p>Nun wagte ich einen kleinen Neuanfang mithilfe von Facebook. Dort existiert nun seit Juni des Jahres 2019 diese Gruppe und Seite (\u00a0<a href=\"https:\/\/www.facebook.com\/gothiccommunitypage\" target=\"_blank\" rel=\"noreferrer noopener\">https:\/\/www.facebook.com\/Gothiccommunitypage<\/a>\u00a0) Namens \u201eGothiccommunity\u201c ohne .de. Es ist ja auch alles internationaler geworden\u2026 dadurch hat man auf Facebook einen neuen Flair, die neuen M\u00f6glichkeiten f\u00fcr Diskussionen, seine Erfahrungen auszutauschen, Veranstaltungen bekanntzugeben, Bands vorzustellen, Gleichgesinnte zu finden, Freundschaften zu schlie\u00dfen und vieles, vieles mehr. Von daher w\u00fcnsche ich Euch viel Spa\u00df in der Gruppe der\u00a0<a href=\"https:\/\/www.facebook.com\/groups\/gothiccommunitygroup\" target=\"_blank\" rel=\"noreferrer noopener\">Gothiccommunity<\/a><\/p>\n","protected":false},"excerpt":{"rendered":"<p>Es war einmal&#8230;so beginnen zwar alle M\u00e4rchen aber hier handelt es sich um kein M\u00e4rchen sondern um die Realit\u00e4t beziehungsweise um die virtuelle. Es war im Jahre 1996. Damals, als [&hellip;]<\/p>\n","protected":false},"author":1,"featured_media":0,"parent":0,"menu_order":0,"comment_status":"closed","ping_status":"closed","template":"page-templates\/medium.php","meta":{"_price":"","_stock":"","_tribe_ticket_header":"","_tribe_default_ticket_provider":"","_tribe_ticket_capacity":"0","_ticket_start_date":"","_ticket_end_date":"","_tribe_ticket_show_description":"","_tribe_ticket_show_not_going":false,"_tribe_ticket_use_global_stock":"","_tribe_ticket_global_stock_level":"","_global_stock_mode":"","_global_stock_cap":"","_tribe_rsvp_for_event":"","_tribe_ticket_going_count":"","_tribe_ticket_not_going_count":"","_tribe_tickets_list":"[]","_tribe_ticket_has_attendee_info_fields":false,"_EventAllDay":false,"_EventTimezone":"","_EventStartDate":"","_EventEndDate":"","_EventStartDateUTC":"","_EventEndDateUTC":"","_EventShowMap":false,"_EventShowMapLink":false,"_EventURL":"","_EventCost":"","_EventCostDescription":"","_EventCurrencySymbol":"","_EventCurrencyCode":"","_EventCurrencyPosition":"","_EventDateTimeSeparator":"","_EventTimeRangeSeparator":"","_EventOrganizerID":[],"_EventVenueID":[],"_OrganizerEmail":"","_OrganizerPhone":"","_OrganizerWebsite":"","_VenueAddress":"","_VenueCity":"","_VenueCountry":"","_VenueProvince":"","_VenueState":"","_VenueZip":"","_VenuePhone":"","_VenueURL":"","_VenueStateProvince":"","_VenueLat":"","_VenueLng":"","_VenueShowMap":false,"_VenueShowMapLink":false,"footnotes":"","_tec_slr_enabled":"","_tec_slr_layout":""},"class_list":["post-49","page","type-page","status-publish","hentry"],"yoast_head":"<!-- This site is optimized with the Yoast SEO plugin v25.7 - https:\/\/yoast.com\/wordpress\/plugins\/seo\/ -->\n<title>Die Geschichte - Gothiccommunity<\/title>\n<meta name=\"robots\" content=\"index, follow, max-snippet:-1, max-image-preview:large, max-video-preview:-1\" \/>\n<link rel=\"canonical\" href=\"https:\/\/www.gothiccommunity.eu\/wordpress\/wie-kam-es-zur-gothiccommunity\/\" \/>\n<meta property=\"og:locale\" content=\"de_DE\" \/>\n<meta property=\"og:type\" content=\"article\" \/>\n<meta property=\"og:title\" content=\"Die Geschichte - Gothiccommunity\" \/>\n<meta property=\"og:description\" content=\"Es war einmal&#8230;so beginnen zwar alle M\u00e4rchen aber hier handelt es sich um kein M\u00e4rchen sondern um die Realit\u00e4t beziehungsweise um die virtuelle. Es war im Jahre 1996. Damals, als [&hellip;]\" \/>\n<meta property=\"og:url\" content=\"https:\/\/www.gothiccommunity.eu\/wordpress\/wie-kam-es-zur-gothiccommunity\/\" \/>\n<meta property=\"og:site_name\" content=\"Gothiccommunity\" \/>\n<meta property=\"article:modified_time\" content=\"2024-06-09T16:35:51+00:00\" \/>\n<meta name=\"twitter:card\" content=\"summary_large_image\" \/>\n<meta name=\"twitter:label1\" content=\"Gesch\u00e4tzte Lesezeit\" \/>\n\t<meta name=\"twitter:data1\" content=\"8\u00a0Minuten\" \/>\n<script type=\"application\/ld+json\" class=\"yoast-schema-graph\">{\"@context\":\"https:\/\/schema.org\",\"@graph\":[{\"@type\":\"WebPage\",\"@id\":\"https:\/\/www.gothiccommunity.eu\/wordpress\/wie-kam-es-zur-gothiccommunity\/\",\"url\":\"https:\/\/www.gothiccommunity.eu\/wordpress\/wie-kam-es-zur-gothiccommunity\/\",\"name\":\"Die Geschichte - Gothiccommunity\",\"isPartOf\":{\"@id\":\"https:\/\/www.gothiccommunity.eu\/wordpress\/#website\"},\"datePublished\":\"2021-08-08T13:59:10+00:00\",\"dateModified\":\"2024-06-09T16:35:51+00:00\",\"breadcrumb\":{\"@id\":\"https:\/\/www.gothiccommunity.eu\/wordpress\/wie-kam-es-zur-gothiccommunity\/#breadcrumb\"},\"inLanguage\":\"de\",\"potentialAction\":[{\"@type\":\"ReadAction\",\"target\":[\"https:\/\/www.gothiccommunity.eu\/wordpress\/wie-kam-es-zur-gothiccommunity\/\"]}]},{\"@type\":\"BreadcrumbList\",\"@id\":\"https:\/\/www.gothiccommunity.eu\/wordpress\/wie-kam-es-zur-gothiccommunity\/#breadcrumb\",\"itemListElement\":[{\"@type\":\"ListItem\",\"position\":1,\"name\":\"Startseite\",\"item\":\"https:\/\/www.gothiccommunity.eu\/wordpress\/\"},{\"@type\":\"ListItem\",\"position\":2,\"name\":\"Die Geschichte\"}]},{\"@type\":\"WebSite\",\"@id\":\"https:\/\/www.gothiccommunity.eu\/wordpress\/#website\",\"url\":\"https:\/\/www.gothiccommunity.eu\/wordpress\/\",\"name\":\"Gothiccommunity\",\"description\":\"Die Community der schwarzen Szene\",\"publisher\":{\"@id\":\"https:\/\/www.gothiccommunity.eu\/wordpress\/#organization\"},\"potentialAction\":[{\"@type\":\"SearchAction\",\"target\":{\"@type\":\"EntryPoint\",\"urlTemplate\":\"https:\/\/www.gothiccommunity.eu\/wordpress\/?s={search_term_string}\"},\"query-input\":{\"@type\":\"PropertyValueSpecification\",\"valueRequired\":true,\"valueName\":\"search_term_string\"}}],\"inLanguage\":\"de\"},{\"@type\":\"Organization\",\"@id\":\"https:\/\/www.gothiccommunity.eu\/wordpress\/#organization\",\"name\":\"Gothiccommunity\",\"url\":\"https:\/\/www.gothiccommunity.eu\/wordpress\/\",\"logo\":{\"@type\":\"ImageObject\",\"inLanguage\":\"de\",\"@id\":\"https:\/\/www.gothiccommunity.eu\/wordpress\/#\/schema\/logo\/image\/\",\"url\":\"https:\/\/www.gothiccommunity.eu\/wordpress\/wp-content\/uploads\/2021\/08\/cropped-cropped-Gruppentitelbildgravur-e1628429506384-1.png\",\"contentUrl\":\"https:\/\/www.gothiccommunity.eu\/wordpress\/wp-content\/uploads\/2021\/08\/cropped-cropped-Gruppentitelbildgravur-e1628429506384-1.png\",\"width\":473,\"height\":217,\"caption\":\"Gothiccommunity\"},\"image\":{\"@id\":\"https:\/\/www.gothiccommunity.eu\/wordpress\/#\/schema\/logo\/image\/\"}}]}<\/script>\n<!-- \/ Yoast SEO plugin. -->","yoast_head_json":{"title":"Die Geschichte - Gothiccommunity","robots":{"index":"index","follow":"follow","max-snippet":"max-snippet:-1","max-image-preview":"max-image-preview:large","max-video-preview":"max-video-preview:-1"},"canonical":"https:\/\/www.gothiccommunity.eu\/wordpress\/wie-kam-es-zur-gothiccommunity\/","og_locale":"de_DE","og_type":"article","og_title":"Die Geschichte - Gothiccommunity","og_description":"Es war einmal&#8230;so beginnen zwar alle M\u00e4rchen aber hier handelt es sich um kein M\u00e4rchen sondern um die Realit\u00e4t beziehungsweise um die virtuelle. Es war im Jahre 1996. Damals, als [&hellip;]","og_url":"https:\/\/www.gothiccommunity.eu\/wordpress\/wie-kam-es-zur-gothiccommunity\/","og_site_name":"Gothiccommunity","article_modified_time":"2024-06-09T16:35:51+00:00","twitter_card":"summary_large_image","twitter_misc":{"Gesch\u00e4tzte Lesezeit":"8\u00a0Minuten"},"schema":{"@context":"https:\/\/schema.org","@graph":[{"@type":"WebPage","@id":"https:\/\/www.gothiccommunity.eu\/wordpress\/wie-kam-es-zur-gothiccommunity\/","url":"https:\/\/www.gothiccommunity.eu\/wordpress\/wie-kam-es-zur-gothiccommunity\/","name":"Die Geschichte - Gothiccommunity","isPartOf":{"@id":"https:\/\/www.gothiccommunity.eu\/wordpress\/#website"},"datePublished":"2021-08-08T13:59:10+00:00","dateModified":"2024-06-09T16:35:51+00:00","breadcrumb":{"@id":"https:\/\/www.gothiccommunity.eu\/wordpress\/wie-kam-es-zur-gothiccommunity\/#breadcrumb"},"inLanguage":"de","potentialAction":[{"@type":"ReadAction","target":["https:\/\/www.gothiccommunity.eu\/wordpress\/wie-kam-es-zur-gothiccommunity\/"]}]},{"@type":"BreadcrumbList","@id":"https:\/\/www.gothiccommunity.eu\/wordpress\/wie-kam-es-zur-gothiccommunity\/#breadcrumb","itemListElement":[{"@type":"ListItem","position":1,"name":"Startseite","item":"https:\/\/www.gothiccommunity.eu\/wordpress\/"},{"@type":"ListItem","position":2,"name":"Die Geschichte"}]},{"@type":"WebSite","@id":"https:\/\/www.gothiccommunity.eu\/wordpress\/#website","url":"https:\/\/www.gothiccommunity.eu\/wordpress\/","name":"Gothiccommunity","description":"Die Community der schwarzen Szene","publisher":{"@id":"https:\/\/www.gothiccommunity.eu\/wordpress\/#organization"},"potentialAction":[{"@type":"SearchAction","target":{"@type":"EntryPoint","urlTemplate":"https:\/\/www.gothiccommunity.eu\/wordpress\/?s={search_term_string}"},"query-input":{"@type":"PropertyValueSpecification","valueRequired":true,"valueName":"search_term_string"}}],"inLanguage":"de"},{"@type":"Organization","@id":"https:\/\/www.gothiccommunity.eu\/wordpress\/#organization","name":"Gothiccommunity","url":"https:\/\/www.gothiccommunity.eu\/wordpress\/","logo":{"@type":"ImageObject","inLanguage":"de","@id":"https:\/\/www.gothiccommunity.eu\/wordpress\/#\/schema\/logo\/image\/","url":"https:\/\/www.gothiccommunity.eu\/wordpress\/wp-content\/uploads\/2021\/08\/cropped-cropped-Gruppentitelbildgravur-e1628429506384-1.png","contentUrl":"https:\/\/www.gothiccommunity.eu\/wordpress\/wp-content\/uploads\/2021\/08\/cropped-cropped-Gruppentitelbildgravur-e1628429506384-1.png","width":473,"height":217,"caption":"Gothiccommunity"},"image":{"@id":"https:\/\/www.gothiccommunity.eu\/wordpress\/#\/schema\/logo\/image\/"}}]}},"ticketed":false,"_links":{"self":[{"href":"https:\/\/www.gothiccommunity.eu\/wordpress\/wp-json\/wp\/v2\/pages\/49","targetHints":{"allow":["GET"]}}],"collection":[{"href":"https:\/\/www.gothiccommunity.eu\/wordpress\/wp-json\/wp\/v2\/pages"}],"about":[{"href":"https:\/\/www.gothiccommunity.eu\/wordpress\/wp-json\/wp\/v2\/types\/page"}],"author":[{"embeddable":true,"href":"https:\/\/www.gothiccommunity.eu\/wordpress\/wp-json\/wp\/v2\/users\/1"}],"replies":[{"embeddable":true,"href":"https:\/\/www.gothiccommunity.eu\/wordpress\/wp-json\/wp\/v2\/comments?post=49"}],"version-history":[{"count":8,"href":"https:\/\/www.gothiccommunity.eu\/wordpress\/wp-json\/wp\/v2\/pages\/49\/revisions"}],"predecessor-version":[{"id":1225,"href":"https:\/\/www.gothiccommunity.eu\/wordpress\/wp-json\/wp\/v2\/pages\/49\/revisions\/1225"}],"wp:attachment":[{"href":"https:\/\/www.gothiccommunity.eu\/wordpress\/wp-json\/wp\/v2\/media?parent=49"}],"curies":[{"name":"wp","href":"https:\/\/api.w.org\/{rel}","templated":true}]}}