{"id":342,"date":"2021-09-15T12:58:26","date_gmt":"2021-09-15T10:58:26","guid":{"rendered":"https:\/\/www.gothiccommunity.eu\/wordpress\/?page_id=342"},"modified":"2024-12-28T15:27:50","modified_gmt":"2024-12-28T14:27:50","slug":"das-team","status":"publish","type":"page","link":"https:\/\/www.gothiccommunity.eu\/wordpress\/das-team\/","title":{"rendered":"Das Team"},"content":{"rendered":"\n<p>Die K\u00f6pfe hinter der <a href=\"https:\/\/www.gothiccommunity.eu\">Gothiccommunity<\/a> .<br><br>Bei Fragen, Unklarheiten oder Hilfebedarf k\u00f6nnt Ihr gerne einen unserer Teammitlieder direkt \u00fcber das Facebookprofil kontaktieren oder \u00fcber unser <a href=\"https:\/\/www.gothiccommunity.eu\/wordpress\/kontaktformular\/\">Kontaktformular<\/a>.<\/p>\n\n\n\n<hr class=\"wp-block-separator has-text-color has-css-opacity has-background\" style=\"background-color:#950000;color:#950000\"\/>\n\n\n\n<div class=\"wp-block-columns is-layout-flex wp-container-core-columns-is-layout-28f84493 wp-block-columns-is-layout-flex\">\n<div class=\"wp-block-column is-layout-flow wp-block-column-is-layout-flow\" style=\"flex-basis:33.33%\">\n<figure class=\"wp-block-image aligncenter size-large is-resized is-style-rounded\"><img loading=\"lazy\" decoding=\"async\" width=\"1024\" height=\"1024\" src=\"https:\/\/www.gothiccommunity.eu\/wordpress\/wp-content\/uploads\/2024\/01\/20200215_184122-4-1024x1024.jpg\" alt=\"\" class=\"wp-image-1186\" style=\"object-fit:cover;width:100px;height:100px\" srcset=\"https:\/\/www.gothiccommunity.eu\/wordpress\/wp-content\/uploads\/2024\/01\/20200215_184122-4-1024x1024.jpg 1024w, https:\/\/www.gothiccommunity.eu\/wordpress\/wp-content\/uploads\/2024\/01\/20200215_184122-4-300x300.jpg 300w, https:\/\/www.gothiccommunity.eu\/wordpress\/wp-content\/uploads\/2024\/01\/20200215_184122-4-100x100.jpg 100w, https:\/\/www.gothiccommunity.eu\/wordpress\/wp-content\/uploads\/2024\/01\/20200215_184122-4-600x600.jpg 600w, https:\/\/www.gothiccommunity.eu\/wordpress\/wp-content\/uploads\/2024\/01\/20200215_184122-4-150x150.jpg 150w, https:\/\/www.gothiccommunity.eu\/wordpress\/wp-content\/uploads\/2024\/01\/20200215_184122-4-768x768.jpg 768w, https:\/\/www.gothiccommunity.eu\/wordpress\/wp-content\/uploads\/2024\/01\/20200215_184122-4-1536x1536.jpg 1536w, https:\/\/www.gothiccommunity.eu\/wordpress\/wp-content\/uploads\/2024\/01\/20200215_184122-4.jpg 1972w\" sizes=\"auto, (max-width: 1024px) 100vw, 1024px\" \/><\/figure>\n<\/div>\n\n\n\n<div class=\"wp-block-column is-layout-flow wp-block-column-is-layout-flow\" style=\"flex-basis:66.66%\">\n<p><strong>Frederik Ronge<\/strong><br><em>Administrator<\/em><br>e-Mail: <a href=\"mailto:frederik@gothiccommunity.eu\">frederik@gothiccommunity.eu<\/a><br><a rel=\"noreferrer noopener\" href=\"https:\/\/www.facebook.com\/frederik.ronge\" target=\"_blank\">Zum Facebookprofil<\/a> <\/p>\n<\/div>\n<\/div>\n\n\n\n<hr class=\"wp-block-separator has-text-color has-css-opacity has-background\" style=\"background-color:#950000;color:#950000\"\/>\n\n\n\n<div class=\"wp-block-columns is-layout-flex wp-container-core-columns-is-layout-28f84493 wp-block-columns-is-layout-flex\">\n<div class=\"wp-block-column is-layout-flow wp-block-column-is-layout-flow\" style=\"flex-basis:33.33%\">\n<figure class=\"wp-block-image aligncenter size-full is-resized is-style-rounded\"><img loading=\"lazy\" decoding=\"async\" width=\"719\" height=\"719\" src=\"https:\/\/www.gothiccommunity.eu\/wordpress\/wp-content\/uploads\/2021\/09\/202625144_4412207848809565_5759434254977770756_n.jpg\" alt=\"\" class=\"wp-image-367\" style=\"object-fit:cover;width:100px;height:100px\" srcset=\"https:\/\/www.gothiccommunity.eu\/wordpress\/wp-content\/uploads\/2021\/09\/202625144_4412207848809565_5759434254977770756_n.jpg 719w, https:\/\/www.gothiccommunity.eu\/wordpress\/wp-content\/uploads\/2021\/09\/202625144_4412207848809565_5759434254977770756_n-300x300.jpg 300w, https:\/\/www.gothiccommunity.eu\/wordpress\/wp-content\/uploads\/2021\/09\/202625144_4412207848809565_5759434254977770756_n-100x100.jpg 100w, https:\/\/www.gothiccommunity.eu\/wordpress\/wp-content\/uploads\/2021\/09\/202625144_4412207848809565_5759434254977770756_n-600x600.jpg 600w, https:\/\/www.gothiccommunity.eu\/wordpress\/wp-content\/uploads\/2021\/09\/202625144_4412207848809565_5759434254977770756_n-150x150.jpg 150w, https:\/\/www.gothiccommunity.eu\/wordpress\/wp-content\/uploads\/2021\/09\/202625144_4412207848809565_5759434254977770756_n-210x210.jpg 210w\" sizes=\"auto, (max-width: 719px) 100vw, 719px\" \/><\/figure>\n<\/div>\n\n\n\n<div class=\"wp-block-column is-layout-flow wp-block-column-is-layout-flow\" style=\"flex-basis:66.66%\">\n<p><strong>Jottu Eliaene<\/strong><br><em>Administrator<\/em><br>e-Mail: <a href=\"mailto:jottueliaene@gothiccommunity.eu\">jottueliaene@gothiccommunity.eu<\/a><br><a href=\"https:\/\/www.facebook.com\/juliane.thiel.7\" target=\"_blank\" rel=\"noreferrer noopener\">Zum Facebookprofil <\/a><\/p>\n<\/div>\n<\/div>\n\n\n\n<hr class=\"wp-block-separator has-text-color has-css-opacity has-background is-style-default\" style=\"background-color:#950000;color:#950000\"\/>\n\n\n\n<div class=\"wp-block-columns is-layout-flex wp-container-core-columns-is-layout-28f84493 wp-block-columns-is-layout-flex\">\n<div class=\"wp-block-column is-layout-flow wp-block-column-is-layout-flow\" style=\"flex-basis:33.33%\">\n<figure class=\"wp-block-image aligncenter size-full is-resized is-style-rounded\"><img loading=\"lazy\" decoding=\"async\" width=\"1067\" height=\"1600\" src=\"https:\/\/www.gothiccommunity.eu\/wordpress\/wp-content\/uploads\/2024\/12\/465284607_1338730573974559_3775170080052106640_n.jpg\" alt=\"\" class=\"wp-image-1303\" style=\"object-fit:cover;width:100px;height:100px\" srcset=\"https:\/\/www.gothiccommunity.eu\/wordpress\/wp-content\/uploads\/2024\/12\/465284607_1338730573974559_3775170080052106640_n.jpg 1067w, https:\/\/www.gothiccommunity.eu\/wordpress\/wp-content\/uploads\/2024\/12\/465284607_1338730573974559_3775170080052106640_n-600x900.jpg 600w, https:\/\/www.gothiccommunity.eu\/wordpress\/wp-content\/uploads\/2024\/12\/465284607_1338730573974559_3775170080052106640_n-200x300.jpg 200w, https:\/\/www.gothiccommunity.eu\/wordpress\/wp-content\/uploads\/2024\/12\/465284607_1338730573974559_3775170080052106640_n-683x1024.jpg 683w, https:\/\/www.gothiccommunity.eu\/wordpress\/wp-content\/uploads\/2024\/12\/465284607_1338730573974559_3775170080052106640_n-768x1152.jpg 768w, https:\/\/www.gothiccommunity.eu\/wordpress\/wp-content\/uploads\/2024\/12\/465284607_1338730573974559_3775170080052106640_n-1024x1536.jpg 1024w\" sizes=\"auto, (max-width: 1067px) 100vw, 1067px\" \/><\/figure>\n<\/div>\n\n\n\n<div class=\"wp-block-column is-layout-flow wp-block-column-is-layout-flow\" style=\"flex-basis:66.66%\">\n<p><strong>Nobby Pueschner<\/strong><br><em>Moderator<\/em><br><a href=\"https:\/\/www.facebook.com\/nobby.pueschner\" data-type=\"link\" data-id=\"https:\/\/www.facebook.com\/nobby.pueschner\" target=\"_blank\" rel=\"noreferrer noopener\">Zum Facebookprofil<\/a><\/p>\n<\/div>\n<\/div>\n\n\n\n<hr class=\"wp-block-separator has-text-color has-css-opacity has-background\" style=\"background-color:#950000;color:#950000\"\/>\n\n\n\n<div class=\"wp-block-columns is-layout-flex wp-container-core-columns-is-layout-28f84493 wp-block-columns-is-layout-flex\">\n<div class=\"wp-block-column is-layout-flow wp-block-column-is-layout-flow\" style=\"flex-basis:33.33%\">\n<figure class=\"wp-block-image aligncenter size-large is-resized is-style-rounded\"><img loading=\"lazy\" decoding=\"async\" width=\"1021\" height=\"1024\" src=\"https:\/\/www.gothiccommunity.eu\/wordpress\/wp-content\/uploads\/2021\/09\/167035464_4272247896119614_6900743890584577825_n-1021x1024.jpg\" alt=\"\" class=\"wp-image-360\" style=\"object-fit:cover;width:100px;height:100px\" srcset=\"https:\/\/www.gothiccommunity.eu\/wordpress\/wp-content\/uploads\/2021\/09\/167035464_4272247896119614_6900743890584577825_n-1021x1024.jpg 1021w, https:\/\/www.gothiccommunity.eu\/wordpress\/wp-content\/uploads\/2021\/09\/167035464_4272247896119614_6900743890584577825_n-300x300.jpg 300w, https:\/\/www.gothiccommunity.eu\/wordpress\/wp-content\/uploads\/2021\/09\/167035464_4272247896119614_6900743890584577825_n-100x100.jpg 100w, https:\/\/www.gothiccommunity.eu\/wordpress\/wp-content\/uploads\/2021\/09\/167035464_4272247896119614_6900743890584577825_n-600x602.jpg 600w, https:\/\/www.gothiccommunity.eu\/wordpress\/wp-content\/uploads\/2021\/09\/167035464_4272247896119614_6900743890584577825_n-150x150.jpg 150w, https:\/\/www.gothiccommunity.eu\/wordpress\/wp-content\/uploads\/2021\/09\/167035464_4272247896119614_6900743890584577825_n-768x770.jpg 768w, https:\/\/www.gothiccommunity.eu\/wordpress\/wp-content\/uploads\/2021\/09\/167035464_4272247896119614_6900743890584577825_n-1532x1536.jpg 1532w, https:\/\/www.gothiccommunity.eu\/wordpress\/wp-content\/uploads\/2021\/09\/167035464_4272247896119614_6900743890584577825_n-210x210.jpg 210w, https:\/\/www.gothiccommunity.eu\/wordpress\/wp-content\/uploads\/2021\/09\/167035464_4272247896119614_6900743890584577825_n-1536x1540.jpg 1536w, https:\/\/www.gothiccommunity.eu\/wordpress\/wp-content\/uploads\/2021\/09\/167035464_4272247896119614_6900743890584577825_n.jpg 1932w\" sizes=\"auto, (max-width: 1021px) 100vw, 1021px\" \/><\/figure>\n<\/div>\n\n\n\n<div class=\"wp-block-column is-layout-flow wp-block-column-is-layout-flow\" style=\"flex-basis:66.66%\">\n<p><strong>Ramona Weidner<\/strong><br><em>Gruppenexperte<\/em><br><a href=\"https:\/\/www.facebook.com\/ramona.weidner\" target=\"_blank\" rel=\"noreferrer noopener\">Zum Facebookprofil<\/a><\/p>\n<\/div>\n<\/div>\n\n\n\n<hr class=\"wp-block-separator has-text-color has-css-opacity has-background\" style=\"background-color:#950000;color:#950000\"\/>\n\n\n\n<div class=\"wp-block-columns is-layout-flex wp-container-core-columns-is-layout-28f84493 wp-block-columns-is-layout-flex\">\n<div class=\"wp-block-column is-layout-flow wp-block-column-is-layout-flow\" style=\"flex-basis:33.33%\">\n<figure class=\"wp-block-image aligncenter size-large is-resized is-style-rounded\"><img loading=\"lazy\" decoding=\"async\" width=\"1024\" height=\"1024\" src=\"https:\/\/www.gothiccommunity.eu\/wordpress\/wp-content\/uploads\/2024\/04\/333975069_575847557904341_67088390695689815_n-1024x1024.jpg\" alt=\"\" class=\"wp-image-1204\" style=\"object-fit:cover;width:100px;height:100px\" srcset=\"https:\/\/www.gothiccommunity.eu\/wordpress\/wp-content\/uploads\/2024\/04\/333975069_575847557904341_67088390695689815_n-1024x1024.jpg 1024w, https:\/\/www.gothiccommunity.eu\/wordpress\/wp-content\/uploads\/2024\/04\/333975069_575847557904341_67088390695689815_n-300x300.jpg 300w, https:\/\/www.gothiccommunity.eu\/wordpress\/wp-content\/uploads\/2024\/04\/333975069_575847557904341_67088390695689815_n-100x100.jpg 100w, https:\/\/www.gothiccommunity.eu\/wordpress\/wp-content\/uploads\/2024\/04\/333975069_575847557904341_67088390695689815_n-600x600.jpg 600w, https:\/\/www.gothiccommunity.eu\/wordpress\/wp-content\/uploads\/2024\/04\/333975069_575847557904341_67088390695689815_n-150x150.jpg 150w, https:\/\/www.gothiccommunity.eu\/wordpress\/wp-content\/uploads\/2024\/04\/333975069_575847557904341_67088390695689815_n-768x768.jpg 768w, https:\/\/www.gothiccommunity.eu\/wordpress\/wp-content\/uploads\/2024\/04\/333975069_575847557904341_67088390695689815_n.jpg 1054w\" sizes=\"auto, (max-width: 1024px) 100vw, 1024px\" \/><\/figure>\n<\/div>\n\n\n\n<div class=\"wp-block-column is-layout-flow wp-block-column-is-layout-flow\" style=\"flex-basis:66.66%\">\n<p><strong>Jan Nicklaus<\/strong><br><em>Gruppenexperte<\/em><br><a href=\"https:\/\/www.facebook.com\/jan.nicklaus.5\/\" target=\"_blank\" rel=\"noreferrer noopener\">Zum Facebookprofil<\/a><\/p>\n<\/div>\n<\/div>\n\n\n\n<hr class=\"wp-block-separator has-text-color has-css-opacity has-background\" style=\"background-color:#950000;color:#950000\"\/>\n\n\n\n<div class=\"wp-block-columns is-layout-flex wp-container-core-columns-is-layout-28f84493 wp-block-columns-is-layout-flex\">\n<div class=\"wp-block-column is-layout-flow wp-block-column-is-layout-flow\" style=\"flex-basis:33.33%\">\n<figure class=\"wp-block-image aligncenter size-full is-resized is-style-rounded\"><img loading=\"lazy\" decoding=\"async\" width=\"888\" height=\"888\" src=\"https:\/\/www.gothiccommunity.eu\/wordpress\/wp-content\/uploads\/2024\/04\/289795034_4544685712300979_540364525216865508_n.jpg\" alt=\"\" class=\"wp-image-1205\" style=\"object-fit:cover;width:100px;height:100px\" srcset=\"https:\/\/www.gothiccommunity.eu\/wordpress\/wp-content\/uploads\/2024\/04\/289795034_4544685712300979_540364525216865508_n.jpg 888w, https:\/\/www.gothiccommunity.eu\/wordpress\/wp-content\/uploads\/2024\/04\/289795034_4544685712300979_540364525216865508_n-300x300.jpg 300w, https:\/\/www.gothiccommunity.eu\/wordpress\/wp-content\/uploads\/2024\/04\/289795034_4544685712300979_540364525216865508_n-100x100.jpg 100w, https:\/\/www.gothiccommunity.eu\/wordpress\/wp-content\/uploads\/2024\/04\/289795034_4544685712300979_540364525216865508_n-600x600.jpg 600w, https:\/\/www.gothiccommunity.eu\/wordpress\/wp-content\/uploads\/2024\/04\/289795034_4544685712300979_540364525216865508_n-150x150.jpg 150w, https:\/\/www.gothiccommunity.eu\/wordpress\/wp-content\/uploads\/2024\/04\/289795034_4544685712300979_540364525216865508_n-768x768.jpg 768w\" sizes=\"auto, (max-width: 888px) 100vw, 888px\" \/><\/figure>\n<\/div>\n\n\n\n<div class=\"wp-block-column is-layout-flow wp-block-column-is-layout-flow\" style=\"flex-basis:66.66%\">\n<p><strong>Mika Raven<\/strong><br><em>Gruppenexperte<\/em><br><a href=\"https:\/\/www.facebook.com\/mika.jaaminen\/\" data-type=\"link\" data-id=\"https:\/\/www.facebook.com\/mika.jaaminen\/\" target=\"_blank\" rel=\"noreferrer noopener\">Zum Facebookprofil<\/a><\/p>\n<\/div>\n<\/div>\n","protected":false},"excerpt":{"rendered":"<p>Die K\u00f6pfe hinter der Gothiccommunity . Bei Fragen, Unklarheiten oder Hilfebedarf k\u00f6nnt Ihr gerne einen unserer Teammitlieder direkt \u00fcber das Facebookprofil kontaktieren oder \u00fcber unser Kontaktformular. Frederik RongeAdministratore-Mail: frederik@gothiccommunity.euZum Facebookprofil [&hellip;]<\/p>\n","protected":false},"author":1,"featured_media":0,"parent":0,"menu_order":0,"comment_status":"closed","ping_status":"closed","template":"page-templates\/medium.php","meta":{"_price":"","_stock":"","_tribe_ticket_header":"","_tribe_default_ticket_provider":"","_tribe_ticket_capacity":"0","_ticket_start_date":"","_ticket_end_date":"","_tribe_ticket_show_description":"","_tribe_ticket_show_not_going":false,"_tribe_ticket_use_global_stock":"","_tribe_ticket_global_stock_level":"","_global_stock_mode":"","_global_stock_cap":"","_tribe_rsvp_for_event":"","_tribe_ticket_going_count":"","_tribe_ticket_not_going_count":"","_tribe_tickets_list":"[]","_tribe_ticket_has_attendee_info_fields":false,"_EventAllDay":false,"_EventTimezone":"","_EventStartDate":"","_EventEndDate":"","_EventStartDateUTC":"","_EventEndDateUTC":"","_EventShowMap":false,"_EventShowMapLink":false,"_EventURL":"","_EventCost":"","_EventCostDescription":"","_EventCurrencySymbol":"","_EventCurrencyCode":"","_EventCurrencyPosition":"","_EventDateTimeSeparator":"","_EventTimeRangeSeparator":"","_EventOrganizerID":[],"_EventVenueID":[],"_OrganizerEmail":"","_OrganizerPhone":"","_OrganizerWebsite":"","_VenueAddress":"","_VenueCity":"","_VenueCountry":"","_VenueProvince":"","_VenueState":"","_VenueZip":"","_VenuePhone":"","_VenueURL":"","_VenueStateProvince":"","_VenueLat":"","_VenueLng":"","_VenueShowMap":false,"_VenueShowMapLink":false,"footnotes":"","_tec_slr_enabled":"","_tec_slr_layout":""},"class_list":["post-342","page","type-page","status-publish","hentry"],"yoast_head":"<!-- This site is optimized with the Yoast SEO plugin v25.7 - https:\/\/yoast.com\/wordpress\/plugins\/seo\/ -->\n<title>Das Team - Gothiccommunity<\/title>\n<meta name=\"robots\" content=\"index, follow, max-snippet:-1, max-image-preview:large, max-video-preview:-1\" \/>\n<link rel=\"canonical\" href=\"https:\/\/www.gothiccommunity.eu\/wordpress\/das-team\/\" \/>\n<meta property=\"og:locale\" content=\"de_DE\" \/>\n<meta property=\"og:type\" content=\"article\" \/>\n<meta property=\"og:title\" content=\"Das Team - Gothiccommunity\" \/>\n<meta property=\"og:description\" content=\"Die K\u00f6pfe hinter der Gothiccommunity . Bei Fragen, Unklarheiten oder Hilfebedarf k\u00f6nnt Ihr gerne einen unserer Teammitlieder direkt \u00fcber das Facebookprofil kontaktieren oder \u00fcber unser Kontaktformular. Frederik RongeAdministratore-Mail: frederik@gothiccommunity.euZum Facebookprofil [&hellip;]\" \/>\n<meta property=\"og:url\" content=\"https:\/\/www.gothiccommunity.eu\/wordpress\/das-team\/\" \/>\n<meta property=\"og:site_name\" content=\"Gothiccommunity\" \/>\n<meta property=\"article:modified_time\" content=\"2024-12-28T14:27:50+00:00\" \/>\n<meta property=\"og:image\" content=\"https:\/\/www.gothiccommunity.eu\/wordpress\/wp-content\/uploads\/2024\/01\/20200215_184122-4.jpg\" \/>\n\t<meta property=\"og:image:width\" content=\"1972\" \/>\n\t<meta property=\"og:image:height\" content=\"1972\" \/>\n\t<meta property=\"og:image:type\" content=\"image\/jpeg\" \/>\n<meta name=\"twitter:card\" content=\"summary_large_image\" \/>\n<script type=\"application\/ld+json\" class=\"yoast-schema-graph\">{\"@context\":\"https:\/\/schema.org\",\"@graph\":[{\"@type\":\"WebPage\",\"@id\":\"https:\/\/www.gothiccommunity.eu\/wordpress\/das-team\/\",\"url\":\"https:\/\/www.gothiccommunity.eu\/wordpress\/das-team\/\",\"name\":\"Das Team - Gothiccommunity\",\"isPartOf\":{\"@id\":\"https:\/\/www.gothiccommunity.eu\/wordpress\/#website\"},\"primaryImageOfPage\":{\"@id\":\"https:\/\/www.gothiccommunity.eu\/wordpress\/das-team\/#primaryimage\"},\"image\":{\"@id\":\"https:\/\/www.gothiccommunity.eu\/wordpress\/das-team\/#primaryimage\"},\"thumbnailUrl\":\"https:\/\/www.gothiccommunity.eu\/wordpress\/wp-content\/uploads\/2024\/01\/20200215_184122-4-1024x1024.jpg\",\"datePublished\":\"2021-09-15T10:58:26+00:00\",\"dateModified\":\"2024-12-28T14:27:50+00:00\",\"breadcrumb\":{\"@id\":\"https:\/\/www.gothiccommunity.eu\/wordpress\/das-team\/#breadcrumb\"},\"inLanguage\":\"de\",\"potentialAction\":[{\"@type\":\"ReadAction\",\"target\":[\"https:\/\/www.gothiccommunity.eu\/wordpress\/das-team\/\"]}]},{\"@type\":\"ImageObject\",\"inLanguage\":\"de\",\"@id\":\"https:\/\/www.gothiccommunity.eu\/wordpress\/das-team\/#primaryimage\",\"url\":\"https:\/\/www.gothiccommunity.eu\/wordpress\/wp-content\/uploads\/2024\/01\/20200215_184122-4.jpg\",\"contentUrl\":\"https:\/\/www.gothiccommunity.eu\/wordpress\/wp-content\/uploads\/2024\/01\/20200215_184122-4.jpg\",\"width\":1972,\"height\":1972},{\"@type\":\"BreadcrumbList\",\"@id\":\"https:\/\/www.gothiccommunity.eu\/wordpress\/das-team\/#breadcrumb\",\"itemListElement\":[{\"@type\":\"ListItem\",\"position\":1,\"name\":\"Startseite\",\"item\":\"https:\/\/www.gothiccommunity.eu\/wordpress\/\"},{\"@type\":\"ListItem\",\"position\":2,\"name\":\"Das Team\"}]},{\"@type\":\"WebSite\",\"@id\":\"https:\/\/www.gothiccommunity.eu\/wordpress\/#website\",\"url\":\"https:\/\/www.gothiccommunity.eu\/wordpress\/\",\"name\":\"Gothiccommunity\",\"description\":\"Die Community der schwarzen Szene\",\"publisher\":{\"@id\":\"https:\/\/www.gothiccommunity.eu\/wordpress\/#organization\"},\"potentialAction\":[{\"@type\":\"SearchAction\",\"target\":{\"@type\":\"EntryPoint\",\"urlTemplate\":\"https:\/\/www.gothiccommunity.eu\/wordpress\/?s={search_term_string}\"},\"query-input\":{\"@type\":\"PropertyValueSpecification\",\"valueRequired\":true,\"valueName\":\"search_term_string\"}}],\"inLanguage\":\"de\"},{\"@type\":\"Organization\",\"@id\":\"https:\/\/www.gothiccommunity.eu\/wordpress\/#organization\",\"name\":\"Gothiccommunity\",\"url\":\"https:\/\/www.gothiccommunity.eu\/wordpress\/\",\"logo\":{\"@type\":\"ImageObject\",\"inLanguage\":\"de\",\"@id\":\"https:\/\/www.gothiccommunity.eu\/wordpress\/#\/schema\/logo\/image\/\",\"url\":\"https:\/\/www.gothiccommunity.eu\/wordpress\/wp-content\/uploads\/2021\/08\/cropped-cropped-Gruppentitelbildgravur-e1628429506384-1.png\",\"contentUrl\":\"https:\/\/www.gothiccommunity.eu\/wordpress\/wp-content\/uploads\/2021\/08\/cropped-cropped-Gruppentitelbildgravur-e1628429506384-1.png\",\"width\":473,\"height\":217,\"caption\":\"Gothiccommunity\"},\"image\":{\"@id\":\"https:\/\/www.gothiccommunity.eu\/wordpress\/#\/schema\/logo\/image\/\"}}]}<\/script>\n<!-- \/ Yoast SEO plugin. -->","yoast_head_json":{"title":"Das Team - Gothiccommunity","robots":{"index":"index","follow":"follow","max-snippet":"max-snippet:-1","max-image-preview":"max-image-preview:large","max-video-preview":"max-video-preview:-1"},"canonical":"https:\/\/www.gothiccommunity.eu\/wordpress\/das-team\/","og_locale":"de_DE","og_type":"article","og_title":"Das Team - Gothiccommunity","og_description":"Die K\u00f6pfe hinter der Gothiccommunity . Bei Fragen, Unklarheiten oder Hilfebedarf k\u00f6nnt Ihr gerne einen unserer Teammitlieder direkt \u00fcber das Facebookprofil kontaktieren oder \u00fcber unser Kontaktformular. Frederik RongeAdministratore-Mail: frederik@gothiccommunity.euZum Facebookprofil [&hellip;]","og_url":"https:\/\/www.gothiccommunity.eu\/wordpress\/das-team\/","og_site_name":"Gothiccommunity","article_modified_time":"2024-12-28T14:27:50+00:00","og_image":[{"width":1972,"height":1972,"url":"https:\/\/www.gothiccommunity.eu\/wordpress\/wp-content\/uploads\/2024\/01\/20200215_184122-4.jpg","type":"image\/jpeg"}],"twitter_card":"summary_large_image","schema":{"@context":"https:\/\/schema.org","@graph":[{"@type":"WebPage","@id":"https:\/\/www.gothiccommunity.eu\/wordpress\/das-team\/","url":"https:\/\/www.gothiccommunity.eu\/wordpress\/das-team\/","name":"Das Team - Gothiccommunity","isPartOf":{"@id":"https:\/\/www.gothiccommunity.eu\/wordpress\/#website"},"primaryImageOfPage":{"@id":"https:\/\/www.gothiccommunity.eu\/wordpress\/das-team\/#primaryimage"},"image":{"@id":"https:\/\/www.gothiccommunity.eu\/wordpress\/das-team\/#primaryimage"},"thumbnailUrl":"https:\/\/www.gothiccommunity.eu\/wordpress\/wp-content\/uploads\/2024\/01\/20200215_184122-4-1024x1024.jpg","datePublished":"2021-09-15T10:58:26+00:00","dateModified":"2024-12-28T14:27:50+00:00","breadcrumb":{"@id":"https:\/\/www.gothiccommunity.eu\/wordpress\/das-team\/#breadcrumb"},"inLanguage":"de","potentialAction":[{"@type":"ReadAction","target":["https:\/\/www.gothiccommunity.eu\/wordpress\/das-team\/"]}]},{"@type":"ImageObject","inLanguage":"de","@id":"https:\/\/www.gothiccommunity.eu\/wordpress\/das-team\/#primaryimage","url":"https:\/\/www.gothiccommunity.eu\/wordpress\/wp-content\/uploads\/2024\/01\/20200215_184122-4.jpg","contentUrl":"https:\/\/www.gothiccommunity.eu\/wordpress\/wp-content\/uploads\/2024\/01\/20200215_184122-4.jpg","width":1972,"height":1972},{"@type":"BreadcrumbList","@id":"https:\/\/www.gothiccommunity.eu\/wordpress\/das-team\/#breadcrumb","itemListElement":[{"@type":"ListItem","position":1,"name":"Startseite","item":"https:\/\/www.gothiccommunity.eu\/wordpress\/"},{"@type":"ListItem","position":2,"name":"Das Team"}]},{"@type":"WebSite","@id":"https:\/\/www.gothiccommunity.eu\/wordpress\/#website","url":"https:\/\/www.gothiccommunity.eu\/wordpress\/","name":"Gothiccommunity","description":"Die Community der schwarzen Szene","publisher":{"@id":"https:\/\/www.gothiccommunity.eu\/wordpress\/#organization"},"potentialAction":[{"@type":"SearchAction","target":{"@type":"EntryPoint","urlTemplate":"https:\/\/www.gothiccommunity.eu\/wordpress\/?s={search_term_string}"},"query-input":{"@type":"PropertyValueSpecification","valueRequired":true,"valueName":"search_term_string"}}],"inLanguage":"de"},{"@type":"Organization","@id":"https:\/\/www.gothiccommunity.eu\/wordpress\/#organization","name":"Gothiccommunity","url":"https:\/\/www.gothiccommunity.eu\/wordpress\/","logo":{"@type":"ImageObject","inLanguage":"de","@id":"https:\/\/www.gothiccommunity.eu\/wordpress\/#\/schema\/logo\/image\/","url":"https:\/\/www.gothiccommunity.eu\/wordpress\/wp-content\/uploads\/2021\/08\/cropped-cropped-Gruppentitelbildgravur-e1628429506384-1.png","contentUrl":"https:\/\/www.gothiccommunity.eu\/wordpress\/wp-content\/uploads\/2021\/08\/cropped-cropped-Gruppentitelbildgravur-e1628429506384-1.png","width":473,"height":217,"caption":"Gothiccommunity"},"image":{"@id":"https:\/\/www.gothiccommunity.eu\/wordpress\/#\/schema\/logo\/image\/"}}]}},"ticketed":false,"_links":{"self":[{"href":"https:\/\/www.gothiccommunity.eu\/wordpress\/wp-json\/wp\/v2\/pages\/342","targetHints":{"allow":["GET"]}}],"collection":[{"href":"https:\/\/www.gothiccommunity.eu\/wordpress\/wp-json\/wp\/v2\/pages"}],"about":[{"href":"https:\/\/www.gothiccommunity.eu\/wordpress\/wp-json\/wp\/v2\/types\/page"}],"author":[{"embeddable":true,"href":"https:\/\/www.gothiccommunity.eu\/wordpress\/wp-json\/wp\/v2\/users\/1"}],"replies":[{"embeddable":true,"href":"https:\/\/www.gothiccommunity.eu\/wordpress\/wp-json\/wp\/v2\/comments?post=342"}],"version-history":[{"count":33,"href":"https:\/\/www.gothiccommunity.eu\/wordpress\/wp-json\/wp\/v2\/pages\/342\/revisions"}],"predecessor-version":[{"id":1304,"href":"https:\/\/www.gothiccommunity.eu\/wordpress\/wp-json\/wp\/v2\/pages\/342\/revisions\/1304"}],"wp:attachment":[{"href":"https:\/\/www.gothiccommunity.eu\/wordpress\/wp-json\/wp\/v2\/media?parent=342"}],"curies":[{"name":"wp","href":"https:\/\/api.w.org\/{rel}","templated":true}]}}